{"id":10,"date":"2020-01-07T16:38:22","date_gmt":"2020-01-07T16:38:22","guid":{"rendered":"https:\/\/eyemaozi.org\/?page_id=10"},"modified":"2025-09-11T23:07:02","modified_gmt":"2025-09-11T13:07:02","slug":"artist-contact","status":"publish","type":"page","link":"https:\/\/eyemaozi.org\/de\/artist-contact\/","title":{"rendered":"About me"},"content":{"rendered":"<h3 class=\"wp-block-heading\">\u00dcber meine Sammlung und wie diese Seite begann.<\/h3>\n\n\n\n<p>So wie meine Sammlung w\u00e4chst, so w\u00e4chst auch diese Website. Es enth\u00e4lt jetzt nicht nur Informationen \u00fcber Pinnock, sondern auch \u00fcber andere Vintage-N\u00e4hmaschinen, die in den letzten Jahren in und um Melbourne, Australien, gefunden wurden.<\/p>\n\n\n\n<p>Diese Seite begann als eine M\u00f6glichkeit, die in Japan hergestellte Pinnock Fridor-N\u00e4hmaschine der australischen Marke Pinnock Fridor Mitte der 1900er Jahre zu dokumentieren. Inklusive Informationen zu den Toyota-Modellen, den Trendsetter-Toyota-Modellen, den sp\u00e4teren japanischen CFM-Modellen und dem niederl\u00e4ndischen Fridor. <\/p>\n\n\n\n<p>From my limited knowledge the only true <a href=\"https:\/\/eyemaozi.org\/de\/lsaf-lithgow-small-arms-factory-pinnock\/\" title=\"LSAF Lithgow Small Arms Factory \u2013 Pinnock\">Australian Made Pinnock Sewing Machine<\/a> was manufactured in Australia at the Lithgow Small Arms Factory from 1949 to 1954, only 6000 were made. I own one of these machines and you can see its page <a href=\"https:\/\/eyemaozi.org\/de\/lsaf-lithgow-small-arms-factory-pinnock\/\" title=\"LSAF Lithgow Small Arms Factory \u2013 Pinnock\">here<\/a>. It is an iconic Australian sewing machine. You can find more information about the factory here <a href=\"https:\/\/www.lithgowsafmuseum.org.au\/\">Lithgow Small Arms Factory Museum (lithgowsafmuseum.org.au)<\/a>. You can see one of these machines also in Melbourne at <a href=\"http:\/\/www.annebonnyslocker.com.au\/\">Anne Bonny\u2019s locker,<\/a> 392 Burwood rd, Hawthorn, Melbourne, Australien. Auf dieser Seite geht es nicht um diesen fr\u00fcheren Pinnock, sondern um die Pinnock-Maschinen, die in den 1950er und 1960er Jahren aus Japan (und Holland) importiert wurden.<\/p>\n\n\n\n<section id=\"wp-block-themeisle-blocks-advanced-columns-a241f2a5\" class=\"wp-block-themeisle-blocks-advanced-columns alignfull has-1-columns has-desktop-equal-layout has-tablet-equal-layout has-mobile-equal-layout has-vertical-center\"><div class=\"wp-block-themeisle-blocks-advanced-columns-overlay\"><\/div><div class=\"innerblocks-wrap\">\n<div id=\"wp-block-themeisle-blocks-advanced-column-397f5e2e\" class=\"wp-block-themeisle-blocks-advanced-column\">\n<h3 id=\"wp-block-themeisle-blocks-advanced-heading-469a7a23\" class=\"wp-block-themeisle-blocks-advanced-heading wp-block-themeisle-blocks-advanced-heading-469a7a23\">Ich bin Sammler und Restaurator von Vintage-N\u00e4hmaschinen. Diese Seite ist ein pers\u00f6nliches Vergn\u00fcgen von mir, die Sch\u00f6nheit dieser Maschinen mit anderen zu teilen.<\/h3>\n\n\n\n<p>Ich lebe in Melbourne, Australien, und war die meiste Zeit meines Erwachsenenlebens ein Sammler der einen oder anderen Art. Im Jahr 2021, w\u00e4hrend der Pandemie, fand ich ein altes Singer-Pedal auf einem sch\u00f6nen Tisch in einem Gelegenheitsladen, den manche als Secondhand-Laden bezeichnen w\u00fcrden. Ich hatte diese alten Maschinen schon immer bewundert.\n. Ich hatte keine Ahnung, dass es der Beginn einer Leidenschaft f\u00fcr diese alten Maschinen sein w\u00fcrde, diese Maschine nach Hause zu bringen. (M\u00f6glicherweise auch ein Wiederaufleben meiner Kindheitserinnerungen, als ich lernte, auf der Geradstichmaschine meiner Mutter in Japanblau und Chrom n\u00e4hen zu lernen) . <\/p>\n\n\n\n<p>Mein Sphinx 15k Trittbrett von 1905 ist wundersch\u00f6n und es begann diese Entdeckungsreise von antiken und Vintage-N\u00e4hmaschinen (VSMs). Das ist sie, als ich sie 2021 nach Hause gebracht habe. Die Sch\u00f6nheit der \u00e4gyptischen Sphinx-Abziehbilder hat mich in ihren Bann gezogen.<\/p>\n\n\n\n<figure class=\"wp-block-image size-large\"><img decoding=\"async\" src=\"data:image\/gif;base64,R0lGODlhAQABAIAAAAAAAP\/\/\/yH5BAEAAAAALAAAAAABAAEAAAIBRAA7\" data-src=\"https:\/\/eyemaozi.org\/wp-content\/uploads\/2022\/03\/Screenshot-2022-03-05-203633-1024x609.jpg\" alt=\"\" class=\"wp-image-329 lazyload\"\/><noscript><img decoding=\"async\" width=\"1024\" height=\"609\" src=\"https:\/\/eyemaozi.org\/wp-content\/uploads\/2022\/03\/Screenshot-2022-03-05-203633-1024x609.jpg\" alt=\"\" class=\"wp-image-329 lazyload\" srcset=\"https:\/\/eyemaozi.org\/wp-content\/uploads\/2022\/03\/Screenshot-2022-03-05-203633-1024x609.jpg 1024w, https:\/\/eyemaozi.org\/wp-content\/uploads\/2022\/03\/Screenshot-2022-03-05-203633-600x357.jpg 600w, https:\/\/eyemaozi.org\/wp-content\/uploads\/2022\/03\/Screenshot-2022-03-05-203633-300x178.jpg 300w, https:\/\/eyemaozi.org\/wp-content\/uploads\/2022\/03\/Screenshot-2022-03-05-203633-768x457.jpg 768w, https:\/\/eyemaozi.org\/wp-content\/uploads\/2022\/03\/Screenshot-2022-03-05-203633-18x12.jpg 18w, https:\/\/eyemaozi.org\/wp-content\/uploads\/2022\/03\/Screenshot-2022-03-05-203633.jpg 1517w\" sizes=\"(max-width: 1024px) 100vw, 1024px\" \/><\/noscript><\/figure>\n\n\n\n<h4 class=\"wp-block-heading\">Restoration<\/h4>\n\n\n\n<p>Da ich diese erste Maschine restaurieren wollte und ihre sch\u00f6nen Abziehbilder nicht ruinieren wollte. Ich beschloss, mir eine andere Maschine zum \u00dcben zu besorgen. Leider war diese Maschine 1919 Singer 66 mit roten Augenaufklebern, die noch sch\u00f6ner war als meine Sphinx, na ja, du verstehst schon. Singer Nummer 5 erm\u00f6glichte es mir schlie\u00dflich, zu lernen, wie man diese Maschinen restauriert. Meine Singer-Reise ging weiter, denn das ist es, was die Leute sammeln. Rechts? Singer?<\/p>\n\n\n\n<p>Ich schaute mir regelm\u00e4\u00dfig die zum Verkauf stehenden Angebote auf Gumtree, auf dem Facebook-Marktplatz und bei Ebay an, sammelte Singer-Kleinigkeiten ein und lernte st\u00e4ndig dazu. Mir wurde klar, dass viele der Nicht-S\u00e4nger-Maschinen lange Zeit auf Verkaufsseiten sa\u00dfen. Niemand kaufte sie, nicht einmal einige, die kostenlos aufgef\u00fchrt waren, sa\u00dfen einfach da. Warum?<\/p>\n\n\n\n<h5 class=\"wp-block-heading\">CFM Pinnock<\/h5>\n\n\n\n<p>Dann fand ich ein gl\u00e4nzendes CFM Pinnock, es sah aus wie ein altmodisches Radio und es war orange. Ich verliebte mich, kontaktierte prompt den Verk\u00e4ufer und holte es ab.  Der Rest ist Geschichte, ich habe jetzt meine Reise in Vintage-gl\u00e4nzende japanische Maschinen begonnen... plus der Rest.  Es stellte sich heraus, dass diese modern aussehende Vintage-Maschine (Bild unten) Pinnock trug, aber auch CFM... Nun, was bedeutete das? Ich wusste nicht, dass es die Schleusen f\u00fcr interessantere Maschinen und ihre Urspr\u00fcnge \u00f6ffnen w\u00fcrde. Diese Maschine ist in den USA und anderen Teilen der Welt auch als Dressmaker 2000 bekannt, wie k\u00f6nnte es sich also um eine australische Maschine handeln?<\/p>\n\n\n\n<h5 class=\"wp-block-heading\">Comment<\/h5>\n\n\n\n<p>Bitte z\u00f6gern Sie nicht, mich zu kontaktieren oder unten einen Kommentar zu hinterlassen. Ich bin kein Experte, nur ein Sammler und es gibt noch viel mehr gelehrte Leute da drau\u00dfen. Vor allem in einigen Online-Social-Media-Gruppen und Informationslisten. Ich werde einige in der <a href=\"https:\/\/eyemaozi.org\/de\/links\/\" title=\"Links\">Links<\/a> page.<\/p>\n\n\n\n<p>Patricia Leigh<\/p>\n\n\n\n<figure class=\"wp-block-image size-large\"><img decoding=\"async\" src=\"data:image\/gif;base64,R0lGODlhAQABAIAAAAAAAP\/\/\/yH5BAEAAAAALAAAAAABAAEAAAIBRAA7\" data-src=\"https:\/\/eyemaozi.org\/wp-content\/uploads\/2022\/03\/cfmPinnock-1024x691.jpg\" alt=\"\" class=\"wp-image-331 lazyload\"\/><noscript><img decoding=\"async\" width=\"1024\" height=\"691\" src=\"https:\/\/eyemaozi.org\/wp-content\/uploads\/2022\/03\/cfmPinnock-1024x691.jpg\" alt=\"\" class=\"wp-image-331 lazyload\" srcset=\"https:\/\/eyemaozi.org\/wp-content\/uploads\/2022\/03\/cfmPinnock-1024x691.jpg 1024w, https:\/\/eyemaozi.org\/wp-content\/uploads\/2022\/03\/cfmPinnock-600x405.jpg 600w, https:\/\/eyemaozi.org\/wp-content\/uploads\/2022\/03\/cfmPinnock-300x202.jpg 300w, https:\/\/eyemaozi.org\/wp-content\/uploads\/2022\/03\/cfmPinnock-768x518.jpg 768w, https:\/\/eyemaozi.org\/wp-content\/uploads\/2022\/03\/cfmPinnock-18x12.jpg 18w, https:\/\/eyemaozi.org\/wp-content\/uploads\/2022\/03\/cfmPinnock.jpg 1250w\" sizes=\"(max-width: 1024px) 100vw, 1024px\" \/><\/noscript><figcaption class=\"wp-element-caption\">My first mid century non Singer sewing machine. A Japanese made machine with that WOW factor.<\/figcaption><\/figure>\n\n\n\n<h4 class=\"wp-block-heading\">Pinnock Sewing machines.<\/h4>\n<\/div>\n<\/div><\/section>\n\n\n\n<section id=\"wp-block-themeisle-blocks-advanced-columns-6013fee3\" class=\"wp-block-themeisle-blocks-advanced-columns alignfull has-5-columns has-desktop-equal-layout has-tablet-equal-layout has-mobile-collapsedRows-layout has-vertical-flex-start ticss-ec7c9d9b\"><div class=\"wp-block-themeisle-blocks-advanced-columns-overlay\"><\/div><div class=\"innerblocks-wrap\">\n<div id=\"wp-block-themeisle-blocks-advanced-column-1a42e736\" class=\"wp-block-themeisle-blocks-advanced-column\">\n<figure class=\"wp-block-image size-full is-resized\"><img decoding=\"async\" src=\"data:image\/gif;base64,R0lGODlhAQABAIAAAAAAAP\/\/\/yH5BAEAAAAALAAAAAABAAEAAAIBRAA7\" data-src=\"https:\/\/eyemaozi.org\/wp-content\/uploads\/2022\/03\/Pinnockadvert2-2.jpg\" alt=\"\" class=\"wp-image-305 lazyload\" style=\"width:250px;height:310px\"\/><noscript><img decoding=\"async\" width=\"564\" height=\"724\" src=\"https:\/\/eyemaozi.org\/wp-content\/uploads\/2022\/03\/Pinnockadvert2-2.jpg\" alt=\"\" class=\"wp-image-305 lazyload\" style=\"width:250px;height:310px\" srcset=\"https:\/\/eyemaozi.org\/wp-content\/uploads\/2022\/03\/Pinnockadvert2-2.jpg 564w, https:\/\/eyemaozi.org\/wp-content\/uploads\/2022\/03\/Pinnockadvert2-2-234x300.jpg 234w, https:\/\/eyemaozi.org\/wp-content\/uploads\/2022\/03\/Pinnockadvert2-2-9x12.jpg 9w\" sizes=\"(max-width: 564px) 100vw, 564px\" \/><\/noscript><\/figure>\n<\/div>\n\n\n\n<div id=\"wp-block-themeisle-blocks-advanced-column-ea6d1956\" class=\"wp-block-themeisle-blocks-advanced-column\">\n<figure class=\"wp-block-image size-full is-resized\"><img decoding=\"async\" src=\"data:image\/gif;base64,R0lGODlhAQABAIAAAAAAAP\/\/\/yH5BAEAAAAALAAAAAABAAEAAAIBRAA7\" data-src=\"https:\/\/eyemaozi.org\/wp-content\/uploads\/2022\/03\/Pinnockadvert3-1.jpg\" alt=\"\" class=\"wp-image-303 lazyload\" style=\"width:255px;height:310px\"\/><noscript><img decoding=\"async\" width=\"304\" height=\"383\" src=\"https:\/\/eyemaozi.org\/wp-content\/uploads\/2022\/03\/Pinnockadvert3-1.jpg\" alt=\"\" class=\"wp-image-303 lazyload\" style=\"width:255px;height:310px\" srcset=\"https:\/\/eyemaozi.org\/wp-content\/uploads\/2022\/03\/Pinnockadvert3-1.jpg 304w, https:\/\/eyemaozi.org\/wp-content\/uploads\/2022\/03\/Pinnockadvert3-1-238x300.jpg 238w, https:\/\/eyemaozi.org\/wp-content\/uploads\/2022\/03\/Pinnockadvert3-1-10x12.jpg 10w\" sizes=\"(max-width: 304px) 100vw, 304px\" \/><\/noscript><\/figure>\n<\/div>\n\n\n\n<div id=\"wp-block-themeisle-blocks-advanced-column-6591118f\" class=\"wp-block-themeisle-blocks-advanced-column\">\n<figure class=\"wp-block-image size-large is-resized\"><img decoding=\"async\" src=\"data:image\/gif;base64,R0lGODlhAQABAIAAAAAAAP\/\/\/yH5BAEAAAAALAAAAAABAAEAAAIBRAA7\" data-src=\"https:\/\/eyemaozi.org\/wp-content\/uploads\/2022\/03\/Pinnockadvert1-745x1024.jpg\" alt=\"\" class=\"wp-image-301 lazyload\" style=\"width:235px;height:310px\"\/><noscript><img decoding=\"async\" width=\"745\" height=\"1024\" src=\"https:\/\/eyemaozi.org\/wp-content\/uploads\/2022\/03\/Pinnockadvert1-745x1024.jpg\" alt=\"\" class=\"wp-image-301 lazyload\" style=\"width:235px;height:310px\" srcset=\"https:\/\/eyemaozi.org\/wp-content\/uploads\/2022\/03\/Pinnockadvert1-745x1024.jpg 745w, https:\/\/eyemaozi.org\/wp-content\/uploads\/2022\/03\/Pinnockadvert1-600x825.jpg 600w, https:\/\/eyemaozi.org\/wp-content\/uploads\/2022\/03\/Pinnockadvert1-218x300.jpg 218w, https:\/\/eyemaozi.org\/wp-content\/uploads\/2022\/03\/Pinnockadvert1-768x1056.jpg 768w, https:\/\/eyemaozi.org\/wp-content\/uploads\/2022\/03\/Pinnockadvert1-9x12.jpg 9w, https:\/\/eyemaozi.org\/wp-content\/uploads\/2022\/03\/Pinnockadvert1.jpg 1112w\" sizes=\"(max-width: 745px) 100vw, 745px\" \/><\/noscript><\/figure>\n<\/div>\n\n\n\n<div id=\"wp-block-themeisle-blocks-advanced-column-a275eaf5\" class=\"wp-block-themeisle-blocks-advanced-column\">\n<figure class=\"wp-block-image size-full is-resized\"><img decoding=\"async\" src=\"data:image\/gif;base64,R0lGODlhAQABAIAAAAAAAP\/\/\/yH5BAEAAAAALAAAAAABAAEAAAIBRAA7\" data-src=\"https:\/\/eyemaozi.org\/wp-content\/uploads\/2022\/03\/sewmatic.png\" alt=\"\" class=\"wp-image-268 lazyload\" style=\"width:224px;height:310px\"\/><noscript><img decoding=\"async\" src=\"https:\/\/eyemaozi.org\/wp-content\/uploads\/2022\/03\/sewmatic.png\" alt=\"\" class=\"wp-image-268 lazyload\" style=\"width:224px;height:310px\"\/><\/noscript><\/figure>\n<\/div>\n\n\n\n<div id=\"wp-block-themeisle-blocks-advanced-column-9ccbfc90\" class=\"wp-block-themeisle-blocks-advanced-column\">\n<figure class=\"wp-block-image size-medium is-resized\"><img decoding=\"async\" src=\"data:image\/gif;base64,R0lGODlhAQABAIAAAAAAAP\/\/\/yH5BAEAAAAALAAAAAABAAEAAAIBRAA7\" data-src=\"https:\/\/eyemaozi.org\/wp-content\/uploads\/2022\/03\/sewmaster-214x300.jpg\" alt=\"\" class=\"wp-image-267 lazyload\" style=\"width:214px;height:310px\"\/><noscript><img decoding=\"async\" src=\"https:\/\/eyemaozi.org\/wp-content\/uploads\/2022\/03\/sewmaster-214x300.jpg\" alt=\"\" class=\"wp-image-267 lazyload\" style=\"width:214px;height:310px\"\/><\/noscript><\/figure>\n<\/div>\n<\/div><\/section>","protected":false},"excerpt":{"rendered":"<p>About my collection and how this page began. As my collection grows, so too has this website. It now includes information not only on Pinnock, but on other Vintage sewing machines found in and around Melbourne, Australia, in recent years. This page started as a way to document the Japanese made, Australian branded Pinnock Fridor&hellip;&nbsp;<a href=\"https:\/\/eyemaozi.org\/de\/artist-contact\/\" class=\"\" rel=\"bookmark\">Weiterlesen &raquo;<span class=\"screen-reader-text\">About me<\/span><\/a><\/p>","protected":false},"author":1,"featured_media":0,"parent":0,"menu_order":0,"comment_status":"open","ping_status":"closed","template":"page-templates\/template-pagebuilder-full-width.php","meta":{"om_disable_all_campaigns":false,"_monsterinsights_skip_tracking":false,"_monsterinsights_sitenote_active":false,"_monsterinsights_sitenote_note":"","_monsterinsights_sitenote_category":0,"_uf_show_specific_survey":0,"_uf_disable_surveys":false,"neve_meta_sidebar":"","neve_meta_container":"","neve_meta_enable_content_width":"off","neve_meta_content_width":0,"neve_meta_title_alignment":"","neve_meta_author_avatar":"","neve_post_elements_order":"","neve_meta_disable_header":"","neve_meta_disable_footer":"","neve_meta_disable_title":"","_themeisle_gutenberg_block_has_review":false,"footnotes":""},"class_list":["post-10","page","type-page","status-publish","hentry"],"aioseo_notices":[],"_links":{"self":[{"href":"https:\/\/eyemaozi.org\/de\/wp-json\/wp\/v2\/pages\/10","targetHints":{"allow":["GET"]}}],"collection":[{"href":"https:\/\/eyemaozi.org\/de\/wp-json\/wp\/v2\/pages"}],"about":[{"href":"https:\/\/eyemaozi.org\/de\/wp-json\/wp\/v2\/types\/page"}],"author":[{"embeddable":true,"href":"https:\/\/eyemaozi.org\/de\/wp-json\/wp\/v2\/users\/1"}],"replies":[{"embeddable":true,"href":"https:\/\/eyemaozi.org\/de\/wp-json\/wp\/v2\/comments?post=10"}],"version-history":[{"count":0,"href":"https:\/\/eyemaozi.org\/de\/wp-json\/wp\/v2\/pages\/10\/revisions"}],"wp:attachment":[{"href":"https:\/\/eyemaozi.org\/de\/wp-json\/wp\/v2\/media?parent=10"}],"curies":[{"name":"wp","href":"https:\/\/api.w.org\/{rel}","templated":true}]}}