{"id":206,"date":"2022-03-02T10:08:23","date_gmt":"2022-03-02T10:08:23","guid":{"rendered":"https:\/\/eyemaozi.org\/?page_id=206"},"modified":"2024-04-23T07:02:24","modified_gmt":"2024-04-22T21:02:24","slug":"instruction-books","status":"publish","type":"page","link":"https:\/\/eyemaozi.org\/de\/instruction-books\/","title":{"rendered":"Free pdf manuals Vintage sewing machines"},"content":{"rendered":"<p>Unten sind die vorderen Abdeckungen der Pinnock-Handb\u00fccher, die ich bisher gefunden habe.  Diese Website begann als Pinnock-Schaufenster meiner Sammlung. Es ist zu mehr als dem herangewachsen und ich habe verschiedene Maschinen und verschiedene Handb\u00fccher und Bedienungsanleitungen.  Wenn ich die Maschine und das Handbuch habe, befindet sich der Link zu diesem Handbuch auf der Seite f\u00fcr diese Maschine.<\/p>\n\n\n\n<p>Wenn Sie sich alle kostenlosen Handb\u00fccher ansehen m\u00f6chten, die ich habe, dann schlage ich vor, dass Sie in meinem Google Drive nachsehen. <a href=\"https:\/\/drive.google.com\/drive\/folders\/1ZKXR6ZyGcsHqee8sxq2aiFq9teRr-nky?usp=sharing\" title=\"The drive is found here, feel free to download a copy for your own use\">The drive is found here, feel free to download a copy for your own use<\/a><\/p>\n\n\n\n<p>Wenn Sie auf der Suche nach einem kostenlosen Handbuch f\u00fcr eine andere Maschine sind, dann schlage ich vor, dass Sie der Facebook-Gruppe beitreten <a href=\"https:\/\/www.facebook.com\/groups\/821555271188096\">Vintage Sewing Machines (Non-Singer) | Facebook<\/a> Dort finden Sie eine engagierte Gruppe von Leuten, die viele Handb\u00fccher hochgeladen haben, die f\u00fcr alle kostenlos heruntergeladen und verwendet werden k\u00f6nnen.<\/p>\n\n\n\n<p>Ich pl\u00e4diere daf\u00fcr, dass die Menschen freien Zugang zur Bedienungsanleitung f\u00fcr ihre eigenen Maschinen haben. Auf meinem Google Drive teile ich diese Dateien frei. <a href=\"https:\/\/drive.google.com\/drive\/folders\/1ZKXR6ZyGcsHqee8sxq2aiFq9teRr-nky?usp=sharing\" title=\"The drive is found here, feel free to download a copy for your own use\">The drive is found here, feel free to download a copy for your own use<\/a>. Die Handb\u00fccher sind nicht zum Verkaufen gedacht, aber darauf habe ich keinen Einfluss. Ich hoffe nur, dass Sie, wenn Sie die Maschine besitzen und eine kostenlose Anleitung ben\u00f6tigen, den Weg hierher gefunden haben. <\/p>\n\n\n\n<p>Wenn Sie eine Pinnock-Bedienungsanleitung haben und diese gerne teilen, k\u00f6nnen Sie mir gerne das PDF senden und ich werde es hochladen. Ich interessiere mich besonders f\u00fcr Pinnock Trendsetter Handb\u00fccher, da ich nur ein paar davon beschaffen konnte.<\/p>\n\n\n\n<h2 class=\"wp-block-heading\" style=\"text-transform:uppercase\">Pinnock Manuals<\/h2>\n\n\n\n<div class=\"wp-block-columns is-layout-flex wp-container-core-columns-is-layout-9d6595d7 wp-block-columns-is-layout-flex\">\n<div class=\"wp-block-column is-layout-flow wp-block-column-is-layout-flow\">\n<p class=\"has-large-font-size\">Fridor Stitchmaster<\/p>\n<\/div>\n\n\n\n<div class=\"wp-block-column is-layout-flow wp-block-column-is-layout-flow\">\n<p><a href=\"https:\/\/drive.google.com\/file\/d\/1GJhfxUf_Fo-ImOeCqgEf7fEbZ7BKJW8o\/view?usp=sharing\">Fridor Stitchmaster .pdf<\/a><\/p>\n\n\n\n<p>Technically a Dutch machine, but released by Pinnock.<\/p>\n<\/div>\n\n\n\n<div class=\"wp-block-column is-layout-flow wp-block-column-is-layout-flow\">\n<figure class=\"wp-block-image size-thumbnail is-style-default\"><img decoding=\"async\" src=\"data:image\/gif;base64,R0lGODlhAQABAIAAAAAAAP\/\/\/yH5BAEAAAAALAAAAAABAAEAAAIBRAA7\" data-src=\"https:\/\/eyemaozi.org\/wp-content\/uploads\/2022\/05\/fridormanualcover-150x150.jpg\" alt=\"\" class=\"wp-image-1508 lazyload\"\/><noscript><img decoding=\"async\" width=\"150\" height=\"150\" src=\"https:\/\/eyemaozi.org\/wp-content\/uploads\/2022\/05\/fridormanualcover-150x150.jpg\" alt=\"\" class=\"wp-image-1508 lazyload\" srcset=\"https:\/\/eyemaozi.org\/wp-content\/uploads\/2022\/05\/fridormanualcover-150x150.jpg 150w, https:\/\/eyemaozi.org\/wp-content\/uploads\/2022\/05\/fridormanualcover-300x300.jpg 300w, https:\/\/eyemaozi.org\/wp-content\/uploads\/2022\/05\/fridormanualcover-100x100.jpg 100w\" sizes=\"(max-width: 150px) 100vw, 150px\" \/><\/noscript><\/figure>\n<\/div>\n<\/div>\n\n\n\n<div class=\"wp-block-columns is-layout-flex wp-container-core-columns-is-layout-9d6595d7 wp-block-columns-is-layout-flex\">\n<div class=\"wp-block-column is-layout-flow wp-block-column-is-layout-flow\">\n<p class=\"has-large-font-size\">Seweasy<\/p>\n<\/div>\n\n\n\n<div class=\"wp-block-column is-layout-flow wp-block-column-is-layout-flow\">\n<p><a href=\"https:\/\/drive.google.com\/file\/d\/1tW111lkB5aD_YU-rpnp26EXglkJeuaeV\/view?usp=sharing\">Pinnock Fridor Seweasy Instruction Manual .pdf<\/a><\/p>\n<\/div>\n\n\n\n<div class=\"wp-block-column is-layout-flow wp-block-column-is-layout-flow\">\n<figure class=\"wp-block-image size-thumbnail is-style-default\"><img decoding=\"async\" src=\"data:image\/gif;base64,R0lGODlhAQABAIAAAAAAAP\/\/\/yH5BAEAAAAALAAAAAABAAEAAAIBRAA7\" data-src=\"https:\/\/eyemaozi.org\/wp-content\/uploads\/2022\/03\/seweasy-150x150.png\" alt=\"\" class=\"wp-image-266 lazyload\"\/><noscript><img decoding=\"async\" width=\"150\" height=\"150\" src=\"https:\/\/eyemaozi.org\/wp-content\/uploads\/2022\/03\/seweasy-150x150.png\" alt=\"\" class=\"wp-image-266 lazyload\" srcset=\"https:\/\/eyemaozi.org\/wp-content\/uploads\/2022\/03\/seweasy-150x150.png 150w, https:\/\/eyemaozi.org\/wp-content\/uploads\/2022\/03\/seweasy-300x300.png 300w, https:\/\/eyemaozi.org\/wp-content\/uploads\/2022\/03\/seweasy-100x100.png 100w\" sizes=\"(max-width: 150px) 100vw, 150px\" \/><\/noscript><\/figure>\n<\/div>\n<\/div>\n\n\n\n<div class=\"wp-block-columns is-layout-flex wp-container-core-columns-is-layout-9d6595d7 wp-block-columns-is-layout-flex\">\n<div class=\"wp-block-column is-layout-flow wp-block-column-is-layout-flow\">\n<p class=\"has-large-font-size\">Sewmaster<\/p>\n<\/div>\n\n\n\n<div class=\"wp-block-column is-layout-flow wp-block-column-is-layout-flow\">\n<p><a href=\"https:\/\/drive.google.com\/file\/d\/1u9wqKGxYPofsYbcfJOlmhDtyyl0pMAOp\/view?usp=sharing\">Pinnock manual .pdf<\/a><\/p>\n<\/div>\n\n\n\n<div class=\"wp-block-column is-layout-flow wp-block-column-is-layout-flow\">\n<figure class=\"wp-block-image size-thumbnail is-style-default\"><img decoding=\"async\" src=\"data:image\/gif;base64,R0lGODlhAQABAIAAAAAAAP\/\/\/yH5BAEAAAAALAAAAAABAAEAAAIBRAA7\" data-src=\"https:\/\/eyemaozi.org\/wp-content\/uploads\/2022\/03\/sewmaster-150x150.jpg\" alt=\"\" class=\"wp-image-267 lazyload\"\/><noscript><img decoding=\"async\" src=\"https:\/\/eyemaozi.org\/wp-content\/uploads\/2022\/03\/sewmaster-150x150.jpg\" alt=\"\" class=\"wp-image-267 lazyload\"\/><\/noscript><\/figure>\n<\/div>\n<\/div>\n\n\n\n<div class=\"wp-block-columns is-layout-flex wp-container-core-columns-is-layout-9d6595d7 wp-block-columns-is-layout-flex\">\n<div class=\"wp-block-column is-layout-flow wp-block-column-is-layout-flow\">\n<p class=\"has-large-font-size\">Sewmatic<\/p>\n<\/div>\n\n\n\n<div class=\"wp-block-column is-layout-flow wp-block-column-is-layout-flow\">\n<p class=\"has-text-align-center\"><a href=\"https:\/\/drive.google.com\/file\/d\/1hKjYBDCjM4_WuA7kzxO54w6qcqdhNS8N\/view?usp=sharing\">Pinnock Sewmatic Manual (1) .pdf<\/a><\/p>\n\n\n\n<p class=\"has-text-align-center\">Warning this is a large file<\/p>\n<\/div>\n\n\n\n<div class=\"wp-block-column is-layout-flow wp-block-column-is-layout-flow\">\n<figure class=\"wp-block-image size-thumbnail is-style-default\"><img decoding=\"async\" src=\"data:image\/gif;base64,R0lGODlhAQABAIAAAAAAAP\/\/\/yH5BAEAAAAALAAAAAABAAEAAAIBRAA7\" data-src=\"https:\/\/eyemaozi.org\/wp-content\/uploads\/2022\/03\/sewmatic-150x150.png\" alt=\"\" class=\"wp-image-268 lazyload\"\/><noscript><img decoding=\"async\" src=\"https:\/\/eyemaozi.org\/wp-content\/uploads\/2022\/03\/sewmatic-150x150.png\" alt=\"\" class=\"wp-image-268 lazyload\"\/><\/noscript><\/figure>\n<\/div>\n<\/div>\n\n\n\n<div class=\"wp-block-columns is-layout-flex wp-container-core-columns-is-layout-9d6595d7 wp-block-columns-is-layout-flex\">\n<div class=\"wp-block-column is-layout-flow wp-block-column-is-layout-flow\">\n<p class=\"has-large-font-size\">Sewqueen<\/p>\n<\/div>\n\n\n\n<div class=\"wp-block-column is-layout-flow wp-block-column-is-layout-flow\">\n<p><a href=\"https:\/\/drive.google.com\/file\/d\/1muBJQxUXp2FiQqfuRysT9g-ncCHx2DJM\/view?usp=sharing\">Pinnock Sewqueen manual<\/a><\/p>\n<\/div>\n\n\n\n<div class=\"wp-block-column is-layout-flow wp-block-column-is-layout-flow\">\n<figure class=\"wp-block-image size-thumbnail is-style-default\"><img decoding=\"async\" src=\"data:image\/gif;base64,R0lGODlhAQABAIAAAAAAAP\/\/\/yH5BAEAAAAALAAAAAABAAEAAAIBRAA7\" data-src=\"https:\/\/eyemaozi.org\/wp-content\/uploads\/2022\/03\/sewqueencover-150x150.jpg\" alt=\"\" class=\"wp-image-758 lazyload\"\/><noscript><img decoding=\"async\" width=\"150\" height=\"150\" src=\"https:\/\/eyemaozi.org\/wp-content\/uploads\/2022\/03\/sewqueencover-150x150.jpg\" alt=\"\" class=\"wp-image-758 lazyload\" srcset=\"https:\/\/eyemaozi.org\/wp-content\/uploads\/2022\/03\/sewqueencover-150x150.jpg 150w, https:\/\/eyemaozi.org\/wp-content\/uploads\/2022\/03\/sewqueencover-300x300.jpg 300w, https:\/\/eyemaozi.org\/wp-content\/uploads\/2022\/03\/sewqueencover-100x100.jpg 100w\" sizes=\"(max-width: 150px) 100vw, 150px\" \/><\/noscript><\/figure>\n<\/div>\n<\/div>\n\n\n\n<div class=\"wp-block-columns is-layout-flex wp-container-core-columns-is-layout-9d6595d7 wp-block-columns-is-layout-flex\">\n<div class=\"wp-block-column is-layout-flow wp-block-column-is-layout-flow\">\n<p class=\"has-large-font-size\">Sewbest<\/p>\n<\/div>\n\n\n\n<div class=\"wp-block-column is-layout-flow wp-block-column-is-layout-flow\">\n<p class=\"has-text-align-center\">Whilst technically not the sewbest, it is the closest I have found so far.<\/p>\n\n\n\n<p class=\"has-text-align-center\"><a href=\"https:\/\/drive.google.com\/file\/d\/1S4i6JB0vVykzptd3pxPaI6QvAi5IfZmf\/view?usp=share_link\" title=\"\">Pinnock Sewbest manual<\/a><\/p>\n<\/div>\n\n\n\n<div class=\"wp-block-column is-layout-flow wp-block-column-is-layout-flow\">\n<figure class=\"wp-block-image size-thumbnail is-style-default\"><img decoding=\"async\" src=\"data:image\/gif;base64,R0lGODlhAQABAIAAAAAAAP\/\/\/yH5BAEAAAAALAAAAAABAAEAAAIBRAA7\" data-src=\"https:\/\/eyemaozi.org\/wp-content\/uploads\/2023\/02\/Screenshot-2022-10-29-163841-150x150.jpg\" alt=\"\" class=\"wp-image-3823 lazyload\"\/><noscript><img decoding=\"async\" width=\"150\" height=\"150\" src=\"https:\/\/eyemaozi.org\/wp-content\/uploads\/2023\/02\/Screenshot-2022-10-29-163841-150x150.jpg\" alt=\"\" class=\"wp-image-3823 lazyload\" srcset=\"https:\/\/eyemaozi.org\/wp-content\/uploads\/2023\/02\/Screenshot-2022-10-29-163841-150x150.jpg 150w, https:\/\/eyemaozi.org\/wp-content\/uploads\/2023\/02\/Screenshot-2022-10-29-163841-300x300.jpg 300w, https:\/\/eyemaozi.org\/wp-content\/uploads\/2023\/02\/Screenshot-2022-10-29-163841-100x100.jpg 100w\" sizes=\"(max-width: 150px) 100vw, 150px\" \/><\/noscript><\/figure>\n<\/div>\n<\/div>\n\n\n\n<div class=\"wp-block-columns is-layout-flex wp-container-core-columns-is-layout-9d6595d7 wp-block-columns-is-layout-flex\">\n<div class=\"wp-block-column is-layout-flow wp-block-column-is-layout-flow\">\n<p class=\"has-large-font-size\">Trendsetter Star<\/p>\n<\/div>\n\n\n\n<div class=\"wp-block-column is-layout-flow wp-block-column-is-layout-flow\">\n<p class=\"has-text-align-center\">Nicht dasselbe wie der australische Trendsetter Star, ich vermute, dies ist die englische Version von Maschine. Das unten stehende Handbuch von Trendsetter Royal k\u00f6nnte eine bessere Alternative sein, wenn Sie nach dem Aussie Trendsetter Star suchen.<\/p>\n\n\n\n<p class=\"has-text-align-center\"><a href=\"https:\/\/drive.google.com\/file\/d\/1G_9TPc1p5iLjWHPo-G_wDq0V3T1WswsS\/view?usp=share_link\" title=\"\">Pinnock Trendsetter Star manual.pdf<\/a><\/p>\n<\/div>\n\n\n\n<div class=\"wp-block-column is-layout-flow wp-block-column-is-layout-flow\">\n<figure class=\"wp-block-image size-thumbnail is-style-default\"><img decoding=\"async\" src=\"data:image\/gif;base64,R0lGODlhAQABAIAAAAAAAP\/\/\/yH5BAEAAAAALAAAAAABAAEAAAIBRAA7\" data-src=\"https:\/\/eyemaozi.org\/wp-content\/uploads\/2022\/10\/Trendsetter-star-PINNOCK-150x150.jpg\" alt=\"\" class=\"wp-image-2104 lazyload\"\/><noscript><img decoding=\"async\" width=\"150\" height=\"150\" src=\"https:\/\/eyemaozi.org\/wp-content\/uploads\/2022\/10\/Trendsetter-star-PINNOCK-150x150.jpg\" alt=\"\" class=\"wp-image-2104 lazyload\" srcset=\"https:\/\/eyemaozi.org\/wp-content\/uploads\/2022\/10\/Trendsetter-star-PINNOCK-150x150.jpg 150w, https:\/\/eyemaozi.org\/wp-content\/uploads\/2022\/10\/Trendsetter-star-PINNOCK-300x300.jpg 300w, https:\/\/eyemaozi.org\/wp-content\/uploads\/2022\/10\/Trendsetter-star-PINNOCK-100x100.jpg 100w\" sizes=\"(max-width: 150px) 100vw, 150px\" \/><\/noscript><\/figure>\n<\/div>\n<\/div>\n\n\n\n<div class=\"wp-block-columns is-layout-flex wp-container-core-columns-is-layout-9d6595d7 wp-block-columns-is-layout-flex\">\n<div class=\"wp-block-column is-layout-flow wp-block-column-is-layout-flow\">\n<p class=\"has-large-font-size\">Trendsetter Sapphire<\/p>\n<\/div>\n\n\n\n<div class=\"wp-block-column is-layout-flow wp-block-column-is-layout-flow\">\n<p><a href=\"https:\/\/drive.google.com\/file\/d\/1Vj8GhFkFOTdNhYmWkFqkt5cZ7WHugmnM\/view?usp=sharing\">Pinnock Trendsetter Sapphire.pdf<\/a><\/p>\n<\/div>\n\n\n\n<div class=\"wp-block-column is-layout-flow wp-block-column-is-layout-flow\">\n<figure class=\"wp-block-image size-thumbnail is-style-default\"><img decoding=\"async\" src=\"data:image\/gif;base64,R0lGODlhAQABAIAAAAAAAP\/\/\/yH5BAEAAAAALAAAAAABAAEAAAIBRAA7\" data-src=\"https:\/\/eyemaozi.org\/wp-content\/uploads\/2022\/04\/sapphireinstructioncover-150x150.jpg\" alt=\"\" class=\"wp-image-974 lazyload\"\/><noscript><img decoding=\"async\" width=\"150\" height=\"150\" src=\"https:\/\/eyemaozi.org\/wp-content\/uploads\/2022\/04\/sapphireinstructioncover-150x150.jpg\" alt=\"\" class=\"wp-image-974 lazyload\" srcset=\"https:\/\/eyemaozi.org\/wp-content\/uploads\/2022\/04\/sapphireinstructioncover-150x150.jpg 150w, https:\/\/eyemaozi.org\/wp-content\/uploads\/2022\/04\/sapphireinstructioncover-300x300.jpg 300w, https:\/\/eyemaozi.org\/wp-content\/uploads\/2022\/04\/sapphireinstructioncover-100x100.jpg 100w\" sizes=\"(max-width: 150px) 100vw, 150px\" \/><\/noscript><\/figure>\n<\/div>\n<\/div>\n\n\n\n<div class=\"wp-block-columns is-layout-flex wp-container-core-columns-is-layout-9d6595d7 wp-block-columns-is-layout-flex\">\n<div class=\"wp-block-column is-layout-flow wp-block-column-is-layout-flow\">\n<p class=\"has-large-font-size\">Trendsetter Royal<\/p>\n<\/div>\n\n\n\n<div class=\"wp-block-column is-layout-flow wp-block-column-is-layout-flow\">\n<p><a href=\"https:\/\/drive.google.com\/file\/d\/1rUd9VPrN8WCxHvKId6sbrnULwKpfbuYV\/view?usp=sharing\">pinnock trendsetter royal .pdf<\/a><\/p>\n<\/div>\n\n\n\n<div class=\"wp-block-column is-layout-flow wp-block-column-is-layout-flow\">\n<figure class=\"wp-block-image size-thumbnail is-style-default\"><img decoding=\"async\" src=\"data:image\/gif;base64,R0lGODlhAQABAIAAAAAAAP\/\/\/yH5BAEAAAAALAAAAAABAAEAAAIBRAA7\" data-src=\"https:\/\/eyemaozi.org\/wp-content\/uploads\/2022\/03\/trendsetter-royal-cover-1-150x150.jpg\" alt=\"\" class=\"wp-image-565 lazyload\"\/><noscript><img decoding=\"async\" width=\"150\" height=\"150\" src=\"https:\/\/eyemaozi.org\/wp-content\/uploads\/2022\/03\/trendsetter-royal-cover-1-150x150.jpg\" alt=\"\" class=\"wp-image-565 lazyload\" srcset=\"https:\/\/eyemaozi.org\/wp-content\/uploads\/2022\/03\/trendsetter-royal-cover-1-150x150.jpg 150w, https:\/\/eyemaozi.org\/wp-content\/uploads\/2022\/03\/trendsetter-royal-cover-1-300x300.jpg 300w, https:\/\/eyemaozi.org\/wp-content\/uploads\/2022\/03\/trendsetter-royal-cover-1-100x100.jpg 100w\" sizes=\"(max-width: 150px) 100vw, 150px\" \/><\/noscript><\/figure>\n<\/div>\n<\/div>\n\n\n\n<hr class=\"wp-block-separator has-css-opacity\"\/>\n\n\n\n<div class=\"wp-block-columns is-layout-flex wp-container-core-columns-is-layout-9d6595d7 wp-block-columns-is-layout-flex\">\n<div class=\"wp-block-column is-layout-flow wp-block-column-is-layout-flow\">\n<p class=\"has-large-font-size\">Pinnock 1 Overlocker<\/p>\n<\/div>\n\n\n\n<div class=\"wp-block-column is-layout-flow wp-block-column-is-layout-flow\">\n<p><a href=\"https:\/\/drive.google.com\/file\/d\/16-MVeuSnqEsUcjwbP_gdR6tLrqj6wD-c\/view?usp=share_link\" title=\"\">Pinnock 1 overlocker.pdf<\/a><\/p>\n\n\n\n<p>3 thread<\/p>\n<\/div>\n\n\n\n<div class=\"wp-block-column is-layout-flow wp-block-column-is-layout-flow\">\n<figure class=\"wp-block-image size-thumbnail is-style-default\"><img decoding=\"async\" src=\"data:image\/gif;base64,R0lGODlhAQABAIAAAAAAAP\/\/\/yH5BAEAAAAALAAAAAABAAEAAAIBRAA7\" data-src=\"https:\/\/eyemaozi.org\/wp-content\/uploads\/2023\/02\/Screenshot-2023-02-01-221805-150x150.jpg\" alt=\"\" class=\"wp-image-3836 lazyload\"\/><noscript><img decoding=\"async\" width=\"150\" height=\"150\" src=\"https:\/\/eyemaozi.org\/wp-content\/uploads\/2023\/02\/Screenshot-2023-02-01-221805-150x150.jpg\" alt=\"\" class=\"wp-image-3836 lazyload\" srcset=\"https:\/\/eyemaozi.org\/wp-content\/uploads\/2023\/02\/Screenshot-2023-02-01-221805-150x150.jpg 150w, https:\/\/eyemaozi.org\/wp-content\/uploads\/2023\/02\/Screenshot-2023-02-01-221805-300x300.jpg 300w, https:\/\/eyemaozi.org\/wp-content\/uploads\/2023\/02\/Screenshot-2023-02-01-221805-100x100.jpg 100w\" sizes=\"(max-width: 150px) 100vw, 150px\" \/><\/noscript><\/figure>\n<\/div>\n<\/div>\n\n\n\n<div class=\"wp-block-columns is-layout-flex wp-container-core-columns-is-layout-9d6595d7 wp-block-columns-is-layout-flex\">\n<div class=\"wp-block-column is-layout-flow wp-block-column-is-layout-flow\">\n<p class=\"has-large-font-size\">Pinnock 2 Overlocker<\/p>\n<\/div>\n\n\n\n<div class=\"wp-block-column is-layout-flow wp-block-column-is-layout-flow\">\n<p><a href=\"https:\/\/drive.google.com\/file\/d\/1zMycwtH4Hj2HWJNWO6GGSNZqrCQOHGkc\/view?usp=drive_link\" title=\"\">Pinnock 2 Overlocker.pdf<\/a><\/p>\n\n\n\n<p>3 thread<\/p>\n<\/div>\n\n\n\n<div class=\"wp-block-column is-layout-flow wp-block-column-is-layout-flow\">\n<figure class=\"wp-block-image size-full is-style-default\"><img decoding=\"async\" src=\"data:image\/gif;base64,R0lGODlhAQABAIAAAAAAAP\/\/\/yH5BAEAAAAALAAAAAABAAEAAAIBRAA7\" data-src=\"https:\/\/eyemaozi.org\/wp-content\/uploads\/2023\/08\/image.png\" alt=\"\" class=\"wp-image-5814 lazyload\"\/><noscript><img decoding=\"async\" width=\"150\" height=\"150\" src=\"https:\/\/eyemaozi.org\/wp-content\/uploads\/2023\/08\/image.png\" alt=\"\" class=\"wp-image-5814 lazyload\" srcset=\"https:\/\/eyemaozi.org\/wp-content\/uploads\/2023\/08\/image.png 150w, https:\/\/eyemaozi.org\/wp-content\/uploads\/2023\/08\/image-12x12.png 12w, https:\/\/eyemaozi.org\/wp-content\/uploads\/2023\/08\/image-100x100.png 100w\" sizes=\"(max-width: 150px) 100vw, 150px\" \/><\/noscript><\/figure>\n<\/div>\n<\/div>\n\n\n\n<div class=\"wp-block-columns is-layout-flex wp-container-core-columns-is-layout-9d6595d7 wp-block-columns-is-layout-flex\">\n<div class=\"wp-block-column is-layout-flow wp-block-column-is-layout-flow\">\n<p class=\"has-large-font-size\">Pinnock 3 Overlocker<\/p>\n<\/div>\n\n\n\n<div class=\"wp-block-column is-layout-flow wp-block-column-is-layout-flow\">\n<p><a href=\"https:\/\/drive.google.com\/file\/d\/1zMycwtH4Hj2HWJNWO6GGSNZqrCQOHGkc\/view?usp=share_link\" title=\"\">Pinnock 3 Overlocker.pdf<\/a><\/p>\n\n\n\n<p>4 thread<\/p>\n<\/div>\n\n\n\n<div class=\"wp-block-column is-layout-flow wp-block-column-is-layout-flow\">\n<figure class=\"wp-block-image size-thumbnail is-style-default\"><img decoding=\"async\" src=\"data:image\/gif;base64,R0lGODlhAQABAIAAAAAAAP\/\/\/yH5BAEAAAAALAAAAAABAAEAAAIBRAA7\" data-src=\"https:\/\/eyemaozi.org\/wp-content\/uploads\/2023\/02\/Screenshot-2023-02-01-221915-150x150.jpg\" alt=\"\" class=\"wp-image-3837 lazyload\"\/><noscript><img decoding=\"async\" width=\"150\" height=\"150\" src=\"https:\/\/eyemaozi.org\/wp-content\/uploads\/2023\/02\/Screenshot-2023-02-01-221915-150x150.jpg\" alt=\"\" class=\"wp-image-3837 lazyload\" srcset=\"https:\/\/eyemaozi.org\/wp-content\/uploads\/2023\/02\/Screenshot-2023-02-01-221915-150x150.jpg 150w, https:\/\/eyemaozi.org\/wp-content\/uploads\/2023\/02\/Screenshot-2023-02-01-221915-300x300.jpg 300w, https:\/\/eyemaozi.org\/wp-content\/uploads\/2023\/02\/Screenshot-2023-02-01-221915-100x100.jpg 100w\" sizes=\"(max-width: 150px) 100vw, 150px\" \/><\/noscript><\/figure>\n<\/div>\n<\/div>","protected":false},"excerpt":{"rendered":"<p>Below are the front covers of the Pinnock manuals I have found to date. This website started out as a Pinnock showcase of my collection. It has grown into more than that and I have various machines and various manuals and instruction books. If I have the machine and the manual, then the link to&hellip;&nbsp;<a href=\"https:\/\/eyemaozi.org\/de\/instruction-books\/\" class=\"\" rel=\"bookmark\">Weiterlesen &raquo;<span class=\"screen-reader-text\">Free pdf manuals Vintage sewing machines<\/span><\/a><\/p>","protected":false},"author":1,"featured_media":0,"parent":0,"menu_order":0,"comment_status":"open","ping_status":"closed","template":"","meta":{"om_disable_all_campaigns":false,"_monsterinsights_skip_tracking":false,"_monsterinsights_sitenote_active":false,"_monsterinsights_sitenote_note":"","_monsterinsights_sitenote_category":0,"_uf_show_specific_survey":0,"_uf_disable_surveys":false,"neve_meta_sidebar":"","neve_meta_container":"","neve_meta_enable_content_width":"","neve_meta_content_width":0,"neve_meta_title_alignment":"","neve_meta_author_avatar":"","neve_post_elements_order":"","neve_meta_disable_header":"","neve_meta_disable_footer":"","neve_meta_disable_title":"","_themeisle_gutenberg_block_has_review":false,"footnotes":""},"class_list":["post-206","page","type-page","status-publish","hentry"],"aioseo_notices":[],"_links":{"self":[{"href":"https:\/\/eyemaozi.org\/de\/wp-json\/wp\/v2\/pages\/206","targetHints":{"allow":["GET"]}}],"collection":[{"href":"https:\/\/eyemaozi.org\/de\/wp-json\/wp\/v2\/pages"}],"about":[{"href":"https:\/\/eyemaozi.org\/de\/wp-json\/wp\/v2\/types\/page"}],"author":[{"embeddable":true,"href":"https:\/\/eyemaozi.org\/de\/wp-json\/wp\/v2\/users\/1"}],"replies":[{"embeddable":true,"href":"https:\/\/eyemaozi.org\/de\/wp-json\/wp\/v2\/comments?post=206"}],"version-history":[{"count":0,"href":"https:\/\/eyemaozi.org\/de\/wp-json\/wp\/v2\/pages\/206\/revisions"}],"wp:attachment":[{"href":"https:\/\/eyemaozi.org\/de\/wp-json\/wp\/v2\/media?parent=206"}],"curies":[{"name":"wp","href":"https:\/\/api.w.org\/{rel}","templated":true}]}}