{"id":2282,"date":"2022-11-01T21:25:50","date_gmt":"2022-11-01T10:25:50","guid":{"rendered":"https:\/\/eyemaozi.org\/?page_id=2282"},"modified":"2023-03-06T21:22:22","modified_gmt":"2023-03-06T10:22:22","slug":"japanese-1950s-1960s","status":"publish","type":"page","link":"https:\/\/eyemaozi.org\/de\/japanese-1950s-1960s\/","title":{"rendered":"Japanese 1950s &#038; 1960s"},"content":{"rendered":"<div id=\"wp-block-themeisle-blocks-advanced-columns-fae3ba23\" class=\"wp-block-themeisle-blocks-advanced-columns has-1-columns has-desktop-equal-layout has-tablet-equal-layout has-mobile-equal-layout has-vertical-unset\"><div class=\"wp-block-themeisle-blocks-advanced-columns-overlay\"><\/div><div class=\"innerblocks-wrap\">\n<div id=\"wp-block-themeisle-blocks-advanced-column-b9767ae9\" class=\"wp-block-themeisle-blocks-advanced-column\">\n<p>Nach dem Zweiten Weltkrieg stellten die Japaner N\u00e4hmaschinen her. Viele von ihnen kamen nach Australien. Sie wurden von Kaufh\u00e4usern und dergleichen umbenannt. Sie sind unter vielen Namen bekannt, darunter Pinnock, Lemair, Myer, Victor, H. G. Palmer, zu viele, um sie alle aufzuz\u00e4hlen <\/p>\n\n\n\n<p>Die meisten japanischen Maschinen, die in Australien ankamen, waren mit einem hochwertigen Wernard-Motor und einem schwarzen Bakelit-Fu\u00dfpedal ausgestattet. Sie wurden mit einer Zubeh\u00f6rbox mit zus\u00e4tzlichen Spulen, Aufs\u00e4tzen und sogar einem Schraubendreher geliefert. In einem Kiefernkoffer mit Deckel und Griff an der Oberseite gab es die Geh\u00e4usedeckel in vielen Farben. Diese Kunststoffgriffe wurden nicht f\u00fcr den Transport von 20 kg Metallmaschine ausgelegt und daher sind viele Griffe gebrochen oder abgerissen. Tragen Sie diese NICHT am Koffergriff, sondern unter der Basis.<\/p>\n\n\n\n<p>Das einzige herausragende Merkmal der japanischen Maschinen ist ihre Qualit\u00e4t und ihre Sch\u00f6nheit. Alle Metallmaschinen (sp\u00e4ter kamen Vinylzahnr\u00e4der) in einer Reihe von Farben mit gl\u00e4nzenden Chrommerkmalen. Es war auf einer dieser Maschinen, die ich in den 1970er Jahren n\u00e4hen lernte, einer geradstichigen, soliden, schweren Maschine, die immer noch ganz unten im Kleiderschrank meiner Mutter steht. Ich bin mir sicher, dass es noch viele weitere gibt, die in den Schr\u00e4nken Australiens sitzen und nur darauf warten, wieder entdeckt zu werden. Viele tauchen auf den Verkaufs- und Auktionsseiten in den sozialen Medien auf.  Jetzt, im Jahr 2022, k\u00f6nnen sie im Preis zwischen 20 und 200 AUD-Dollar liegen. Sie werden feststellen, dass die 200-Dollar-Exemplare vorerst noch Monate zum Verkauf angeboten werden, die Nachfrage ist einfach nicht da, daher sind sie keine teure Investition, aber sie sind sicherlich ein gutes Preis-Leistungs-Verh\u00e4ltnis.<\/p>\n\n\n\n<p>Wenn Sie auf eine japanische Ganzmetallmaschine sto\u00dfen und sie Ihnen zusagt, z\u00f6gern Sie nicht, sie zu erwerben.  Die Teile sind leicht zu finden. Standard-Spulen und -Nadeln vom Typ 15, die Sie \u00fcberall bekommen k\u00f6nnen. Leicht einzuf\u00e4deln und zu bedienen, ben\u00f6tigen Sie normalerweise kein Handbuch, da diese im Grunde alle gleich sind. Geradstich und manchmal mit Zick-Zack.  Wenn Sie das Gl\u00fcck haben, einen zu finden, der Nocken (Musterstichscheiben) aufnimmt, fragen Sie unbedingt den Verk\u00e4ufer, ob er diese hat, da diese oft verloren gehen. Die Maschine wird immer noch als Zickzack arbeiten, aber Sie werden nicht in der Lage sein, die ausgefallenen Stiche zu machen, die nach heutigen Ma\u00dfst\u00e4ben nicht so schick sind, sondern nur ein bisschen Spa\u00df machen. Ge\u00f6lt und gut gewartet halten diese Maschinen ein Leben lang und sehen dabei fantastisch aus.<\/p>\n\n\n\n<p>Um mehr von mir zu sehen <a href=\"https:\/\/eyemaozi.org\/de\/artist-portfolio\/\" title=\"Pinnock Sewing Machines\">Pinnock collection you can start here.<\/a><\/p>\n\n\n\n<p>The<a href=\"https:\/\/eyemaozi.org\/de\/lemair-valiant-930\/\" title=\"Lemair Valiant 930\"> Lemair Valiant 930 machine in my collection can be seen here.<\/a><\/p>\n\n\n\n<p>Unten sind Bilder von einigen der anderen Maschinen in meiner Sammlung.  Bilder von der Ankunft der Maschinen und noch auf meiner Werkbank oder in meinem Kofferraum.<\/p>\n<\/div>\n<\/div><\/div>\n\n\n\n<figure class=\"wp-block-gallery has-nested-images columns-1 is-cropped wp-block-gallery-1 is-layout-flex wp-block-gallery-is-layout-flex\">\n<figure class=\"wp-block-image size-large is-style-default ticss-2e99d34b\"><img decoding=\"async\" data-id=\"2289\" src=\"data:image\/gif;base64,R0lGODlhAQABAIAAAAAAAP\/\/\/yH5BAEAAAAALAAAAAABAAEAAAIBRAA7\" data-src=\"https:\/\/eyemaozi.org\/wp-content\/uploads\/2022\/11\/20220226_105651-1024x768.jpg\" alt=\"\" class=\"wp-image-2289 lazyload\"\/><noscript><img decoding=\"async\" width=\"1024\" height=\"768\" data-id=\"2289\" src=\"https:\/\/eyemaozi.org\/wp-content\/uploads\/2022\/11\/20220226_105651-1024x768.jpg\" alt=\"\" class=\"wp-image-2289 lazyload\" srcset=\"https:\/\/eyemaozi.org\/wp-content\/uploads\/2022\/11\/20220226_105651-1024x768.jpg 1024w, https:\/\/eyemaozi.org\/wp-content\/uploads\/2022\/11\/20220226_105651-scaled-600x450.jpg 600w, https:\/\/eyemaozi.org\/wp-content\/uploads\/2022\/11\/20220226_105651-300x225.jpg 300w, https:\/\/eyemaozi.org\/wp-content\/uploads\/2022\/11\/20220226_105651-768x576.jpg 768w, https:\/\/eyemaozi.org\/wp-content\/uploads\/2022\/11\/20220226_105651-1536x1152.jpg 1536w, https:\/\/eyemaozi.org\/wp-content\/uploads\/2022\/11\/20220226_105651-2048x1536.jpg 2048w, https:\/\/eyemaozi.org\/wp-content\/uploads\/2022\/11\/20220226_105651-16x12.jpg 16w\" sizes=\"(max-width: 1024px) 100vw, 1024px\" \/><\/noscript><figcaption class=\"wp-element-caption\">Myer Victor Supreme ,red with cams. This machine has gone to a friend.<\/figcaption><\/figure>\n\n\n\n<figure class=\"wp-block-image size-large is-style-default\"><img decoding=\"async\" data-id=\"2286\" src=\"data:image\/gif;base64,R0lGODlhAQABAIAAAAAAAP\/\/\/yH5BAEAAAAALAAAAAABAAEAAAIBRAA7\" data-src=\"https:\/\/eyemaozi.org\/wp-content\/uploads\/2022\/11\/20220218_192225-1024x768.jpg\" alt=\"\" class=\"wp-image-2286 lazyload\"\/><noscript><img decoding=\"async\" width=\"1024\" height=\"768\" data-id=\"2286\" src=\"https:\/\/eyemaozi.org\/wp-content\/uploads\/2022\/11\/20220218_192225-1024x768.jpg\" alt=\"\" class=\"wp-image-2286 lazyload\" srcset=\"https:\/\/eyemaozi.org\/wp-content\/uploads\/2022\/11\/20220218_192225-1024x768.jpg 1024w, https:\/\/eyemaozi.org\/wp-content\/uploads\/2022\/11\/20220218_192225-scaled-600x450.jpg 600w, https:\/\/eyemaozi.org\/wp-content\/uploads\/2022\/11\/20220218_192225-300x225.jpg 300w, https:\/\/eyemaozi.org\/wp-content\/uploads\/2022\/11\/20220218_192225-768x576.jpg 768w, https:\/\/eyemaozi.org\/wp-content\/uploads\/2022\/11\/20220218_192225-1536x1152.jpg 1536w, https:\/\/eyemaozi.org\/wp-content\/uploads\/2022\/11\/20220218_192225-2048x1536.jpg 2048w, https:\/\/eyemaozi.org\/wp-content\/uploads\/2022\/11\/20220218_192225-16x12.jpg 16w\" sizes=\"(max-width: 1024px) 100vw, 1024px\" \/><\/noscript><figcaption class=\"wp-element-caption\">Myer, red without cams<\/figcaption><\/figure>\n\n\n\n<figure class=\"wp-block-image size-large is-style-default\"><img decoding=\"async\" data-id=\"2285\" src=\"data:image\/gif;base64,R0lGODlhAQABAIAAAAAAAP\/\/\/yH5BAEAAAAALAAAAAABAAEAAAIBRAA7\" data-src=\"https:\/\/eyemaozi.org\/wp-content\/uploads\/2022\/11\/20220215_163913-1024x768.jpg\" alt=\"\" class=\"wp-image-2285 lazyload\"\/><noscript><img decoding=\"async\" width=\"1024\" height=\"768\" data-id=\"2285\" src=\"https:\/\/eyemaozi.org\/wp-content\/uploads\/2022\/11\/20220215_163913-1024x768.jpg\" alt=\"\" class=\"wp-image-2285 lazyload\" srcset=\"https:\/\/eyemaozi.org\/wp-content\/uploads\/2022\/11\/20220215_163913-1024x768.jpg 1024w, https:\/\/eyemaozi.org\/wp-content\/uploads\/2022\/11\/20220215_163913-scaled-600x450.jpg 600w, https:\/\/eyemaozi.org\/wp-content\/uploads\/2022\/11\/20220215_163913-300x225.jpg 300w, https:\/\/eyemaozi.org\/wp-content\/uploads\/2022\/11\/20220215_163913-768x576.jpg 768w, https:\/\/eyemaozi.org\/wp-content\/uploads\/2022\/11\/20220215_163913-1536x1152.jpg 1536w, https:\/\/eyemaozi.org\/wp-content\/uploads\/2022\/11\/20220215_163913-2048x1536.jpg 2048w, https:\/\/eyemaozi.org\/wp-content\/uploads\/2022\/11\/20220215_163913-16x12.jpg 16w\" sizes=\"(max-width: 1024px) 100vw, 1024px\" \/><\/noscript><figcaption class=\"wp-element-caption\">H G Palmer with cams.<\/figcaption><\/figure>\n\n\n\n<figure class=\"wp-block-image size-large is-style-default\"><img decoding=\"async\" data-id=\"2287\" src=\"data:image\/gif;base64,R0lGODlhAQABAIAAAAAAAP\/\/\/yH5BAEAAAAALAAAAAABAAEAAAIBRAA7\" data-src=\"https:\/\/eyemaozi.org\/wp-content\/uploads\/2022\/11\/20220221_180004-1024x768.jpg\" alt=\"\" class=\"wp-image-2287 lazyload\"\/><noscript><img decoding=\"async\" width=\"1024\" height=\"768\" data-id=\"2287\" src=\"https:\/\/eyemaozi.org\/wp-content\/uploads\/2022\/11\/20220221_180004-1024x768.jpg\" alt=\"\" class=\"wp-image-2287 lazyload\" srcset=\"https:\/\/eyemaozi.org\/wp-content\/uploads\/2022\/11\/20220221_180004-1024x768.jpg 1024w, https:\/\/eyemaozi.org\/wp-content\/uploads\/2022\/11\/20220221_180004-scaled-600x450.jpg 600w, https:\/\/eyemaozi.org\/wp-content\/uploads\/2022\/11\/20220221_180004-300x225.jpg 300w, https:\/\/eyemaozi.org\/wp-content\/uploads\/2022\/11\/20220221_180004-768x576.jpg 768w, https:\/\/eyemaozi.org\/wp-content\/uploads\/2022\/11\/20220221_180004-1536x1152.jpg 1536w, https:\/\/eyemaozi.org\/wp-content\/uploads\/2022\/11\/20220221_180004-2048x1536.jpg 2048w, https:\/\/eyemaozi.org\/wp-content\/uploads\/2022\/11\/20220221_180004-16x12.jpg 16w\" sizes=\"(max-width: 1024px) 100vw, 1024px\" \/><\/noscript><figcaption class=\"wp-element-caption\">Myer Victor, green.<\/figcaption><\/figure>\n\n\n\n<figure class=\"wp-block-image size-large is-style-default\"><img decoding=\"async\" data-id=\"2288\" src=\"data:image\/gif;base64,R0lGODlhAQABAIAAAAAAAP\/\/\/yH5BAEAAAAALAAAAAABAAEAAAIBRAA7\" data-src=\"https:\/\/eyemaozi.org\/wp-content\/uploads\/2022\/11\/20220222_185945-1024x768.jpg\" alt=\"\" class=\"wp-image-2288 lazyload\"\/><noscript><img decoding=\"async\" width=\"1024\" height=\"768\" data-id=\"2288\" src=\"https:\/\/eyemaozi.org\/wp-content\/uploads\/2022\/11\/20220222_185945-1024x768.jpg\" alt=\"\" class=\"wp-image-2288 lazyload\" srcset=\"https:\/\/eyemaozi.org\/wp-content\/uploads\/2022\/11\/20220222_185945-1024x768.jpg 1024w, https:\/\/eyemaozi.org\/wp-content\/uploads\/2022\/11\/20220222_185945-scaled-600x450.jpg 600w, https:\/\/eyemaozi.org\/wp-content\/uploads\/2022\/11\/20220222_185945-300x225.jpg 300w, https:\/\/eyemaozi.org\/wp-content\/uploads\/2022\/11\/20220222_185945-768x576.jpg 768w, https:\/\/eyemaozi.org\/wp-content\/uploads\/2022\/11\/20220222_185945-1536x1152.jpg 1536w, https:\/\/eyemaozi.org\/wp-content\/uploads\/2022\/11\/20220222_185945-2048x1536.jpg 2048w, https:\/\/eyemaozi.org\/wp-content\/uploads\/2022\/11\/20220222_185945-16x12.jpg 16w\" sizes=\"(max-width: 1024px) 100vw, 1024px\" \/><\/noscript><figcaption class=\"wp-element-caption\">Elizabeth, straight stitch only.<\/figcaption><\/figure>\n\n\n\n<figure class=\"wp-block-image size-large is-style-default\"><img decoding=\"async\" data-id=\"2290\" src=\"data:image\/gif;base64,R0lGODlhAQABAIAAAAAAAP\/\/\/yH5BAEAAAAALAAAAAABAAEAAAIBRAA7\" data-src=\"https:\/\/eyemaozi.org\/wp-content\/uploads\/2022\/11\/20220301_181045-1024x768.jpg\" alt=\"\" class=\"wp-image-2290 lazyload\"\/><noscript><img decoding=\"async\" width=\"1024\" height=\"768\" data-id=\"2290\" src=\"https:\/\/eyemaozi.org\/wp-content\/uploads\/2022\/11\/20220301_181045-1024x768.jpg\" alt=\"\" class=\"wp-image-2290 lazyload\" srcset=\"https:\/\/eyemaozi.org\/wp-content\/uploads\/2022\/11\/20220301_181045-1024x768.jpg 1024w, https:\/\/eyemaozi.org\/wp-content\/uploads\/2022\/11\/20220301_181045-scaled-600x450.jpg 600w, https:\/\/eyemaozi.org\/wp-content\/uploads\/2022\/11\/20220301_181045-300x225.jpg 300w, https:\/\/eyemaozi.org\/wp-content\/uploads\/2022\/11\/20220301_181045-768x576.jpg 768w, https:\/\/eyemaozi.org\/wp-content\/uploads\/2022\/11\/20220301_181045-1536x1152.jpg 1536w, https:\/\/eyemaozi.org\/wp-content\/uploads\/2022\/11\/20220301_181045-2048x1536.jpg 2048w, https:\/\/eyemaozi.org\/wp-content\/uploads\/2022\/11\/20220301_181045-16x12.jpg 16w\" sizes=\"(max-width: 1024px) 100vw, 1024px\" \/><\/noscript><figcaption class=\"wp-element-caption\">Liberty, with inbuilt metal cam stack.<\/figcaption><\/figure>\n\n\n\n<figure class=\"wp-block-image size-large is-style-default\"><img decoding=\"async\" data-id=\"2291\" src=\"data:image\/gif;base64,R0lGODlhAQABAIAAAAAAAP\/\/\/yH5BAEAAAAALAAAAAABAAEAAAIBRAA7\" data-src=\"https:\/\/eyemaozi.org\/wp-content\/uploads\/2022\/11\/20220310_134020-1024x768.jpg\" alt=\"\" class=\"wp-image-2291 lazyload\"\/><noscript><img decoding=\"async\" width=\"1024\" height=\"768\" data-id=\"2291\" src=\"https:\/\/eyemaozi.org\/wp-content\/uploads\/2022\/11\/20220310_134020-1024x768.jpg\" alt=\"\" class=\"wp-image-2291 lazyload\" srcset=\"https:\/\/eyemaozi.org\/wp-content\/uploads\/2022\/11\/20220310_134020-1024x768.jpg 1024w, https:\/\/eyemaozi.org\/wp-content\/uploads\/2022\/11\/20220310_134020-scaled-600x450.jpg 600w, https:\/\/eyemaozi.org\/wp-content\/uploads\/2022\/11\/20220310_134020-300x225.jpg 300w, https:\/\/eyemaozi.org\/wp-content\/uploads\/2022\/11\/20220310_134020-768x576.jpg 768w, https:\/\/eyemaozi.org\/wp-content\/uploads\/2022\/11\/20220310_134020-1536x1152.jpg 1536w, https:\/\/eyemaozi.org\/wp-content\/uploads\/2022\/11\/20220310_134020-2048x1536.jpg 2048w, https:\/\/eyemaozi.org\/wp-content\/uploads\/2022\/11\/20220310_134020-16x12.jpg 16w\" sizes=\"(max-width: 1024px) 100vw, 1024px\" \/><\/noscript><figcaption class=\"wp-element-caption\">Renmark, with cam function, but I do not have the cams.  I love the curves on this machine.<\/figcaption><\/figure>\n\n\n\n<figure class=\"wp-block-image size-large is-style-default\"><img decoding=\"async\" data-id=\"2292\" src=\"data:image\/gif;base64,R0lGODlhAQABAIAAAAAAAP\/\/\/yH5BAEAAAAALAAAAAABAAEAAAIBRAA7\" data-src=\"https:\/\/eyemaozi.org\/wp-content\/uploads\/2022\/11\/20220314_173228-1024x768.jpg\" alt=\"\" class=\"wp-image-2292 lazyload\"\/><noscript><img decoding=\"async\" width=\"1024\" height=\"768\" data-id=\"2292\" src=\"https:\/\/eyemaozi.org\/wp-content\/uploads\/2022\/11\/20220314_173228-1024x768.jpg\" alt=\"\" class=\"wp-image-2292 lazyload\" srcset=\"https:\/\/eyemaozi.org\/wp-content\/uploads\/2022\/11\/20220314_173228-1024x768.jpg 1024w, https:\/\/eyemaozi.org\/wp-content\/uploads\/2022\/11\/20220314_173228-scaled-600x450.jpg 600w, https:\/\/eyemaozi.org\/wp-content\/uploads\/2022\/11\/20220314_173228-300x225.jpg 300w, https:\/\/eyemaozi.org\/wp-content\/uploads\/2022\/11\/20220314_173228-768x576.jpg 768w, https:\/\/eyemaozi.org\/wp-content\/uploads\/2022\/11\/20220314_173228-1536x1152.jpg 1536w, https:\/\/eyemaozi.org\/wp-content\/uploads\/2022\/11\/20220314_173228-2048x1536.jpg 2048w, https:\/\/eyemaozi.org\/wp-content\/uploads\/2022\/11\/20220314_173228-16x12.jpg 16w\" sizes=\"(max-width: 1024px) 100vw, 1024px\" \/><\/noscript><figcaption class=\"wp-element-caption\">Alca with cams.<\/figcaption><\/figure>\n\n\n\n<figure class=\"wp-block-image size-large is-style-default\"><img decoding=\"async\" data-id=\"2293\" src=\"data:image\/gif;base64,R0lGODlhAQABAIAAAAAAAP\/\/\/yH5BAEAAAAALAAAAAABAAEAAAIBRAA7\" data-src=\"https:\/\/eyemaozi.org\/wp-content\/uploads\/2022\/11\/IMG_6423-1024x686.jpg\" alt=\"\" class=\"wp-image-2293 lazyload\"\/><noscript><img decoding=\"async\" width=\"1024\" height=\"686\" data-id=\"2293\" src=\"https:\/\/eyemaozi.org\/wp-content\/uploads\/2022\/11\/IMG_6423-1024x686.jpg\" alt=\"\" class=\"wp-image-2293 lazyload\" srcset=\"https:\/\/eyemaozi.org\/wp-content\/uploads\/2022\/11\/IMG_6423-1024x686.jpg 1024w, https:\/\/eyemaozi.org\/wp-content\/uploads\/2022\/11\/IMG_6423-600x402.jpg 600w, https:\/\/eyemaozi.org\/wp-content\/uploads\/2022\/11\/IMG_6423-300x201.jpg 300w, https:\/\/eyemaozi.org\/wp-content\/uploads\/2022\/11\/IMG_6423-768x514.jpg 768w, https:\/\/eyemaozi.org\/wp-content\/uploads\/2022\/11\/IMG_6423-1536x1028.jpg 1536w, https:\/\/eyemaozi.org\/wp-content\/uploads\/2022\/11\/IMG_6423-18x12.jpg 18w, https:\/\/eyemaozi.org\/wp-content\/uploads\/2022\/11\/IMG_6423.jpg 2048w\" sizes=\"(max-width: 1024px) 100vw, 1024px\" \/><\/noscript><figcaption class=\"wp-element-caption\">Maples Bluebird a CFM branded machine, with cams.<\/figcaption><\/figure>\n\n\n\n<figure class=\"wp-block-image size-large is-style-default\"><img decoding=\"async\" data-id=\"2326\" src=\"data:image\/gif;base64,R0lGODlhAQABAIAAAAAAAP\/\/\/yH5BAEAAAAALAAAAAABAAEAAAIBRAA7\" data-src=\"https:\/\/eyemaozi.org\/wp-content\/uploads\/2022\/11\/20221102_141818-1024x851.jpg\" alt=\"\" class=\"wp-image-2326 lazyload\"\/><noscript><img decoding=\"async\" width=\"1024\" height=\"851\" data-id=\"2326\" src=\"https:\/\/eyemaozi.org\/wp-content\/uploads\/2022\/11\/20221102_141818-1024x851.jpg\" alt=\"\" class=\"wp-image-2326 lazyload\" srcset=\"https:\/\/eyemaozi.org\/wp-content\/uploads\/2022\/11\/20221102_141818-1024x851.jpg 1024w, https:\/\/eyemaozi.org\/wp-content\/uploads\/2022\/11\/20221102_141818-scaled-600x499.jpg 600w, https:\/\/eyemaozi.org\/wp-content\/uploads\/2022\/11\/20221102_141818-300x249.jpg 300w, https:\/\/eyemaozi.org\/wp-content\/uploads\/2022\/11\/20221102_141818-768x638.jpg 768w, https:\/\/eyemaozi.org\/wp-content\/uploads\/2022\/11\/20221102_141818-1536x1276.jpg 1536w, https:\/\/eyemaozi.org\/wp-content\/uploads\/2022\/11\/20221102_141818-2048x1702.jpg 2048w, https:\/\/eyemaozi.org\/wp-content\/uploads\/2022\/11\/20221102_141818-14x12.jpg 14w\" sizes=\"(max-width: 1024px) 100vw, 1024px\" \/><\/noscript><figcaption class=\"wp-element-caption\">H G Palmer Princess, a 15 striaght stitch clone.<\/figcaption><\/figure>\n\n\n\n<figure class=\"wp-block-image size-large is-style-default\"><img decoding=\"async\" data-id=\"2327\" src=\"data:image\/gif;base64,R0lGODlhAQABAIAAAAAAAP\/\/\/yH5BAEAAAAALAAAAAABAAEAAAIBRAA7\" data-src=\"https:\/\/eyemaozi.org\/wp-content\/uploads\/2022\/11\/20221102_142113-1024x577.jpg\" alt=\"\" class=\"wp-image-2327 lazyload\"\/><noscript><img decoding=\"async\" width=\"1024\" height=\"577\" data-id=\"2327\" src=\"https:\/\/eyemaozi.org\/wp-content\/uploads\/2022\/11\/20221102_142113-1024x577.jpg\" alt=\"\" class=\"wp-image-2327 lazyload\" srcset=\"https:\/\/eyemaozi.org\/wp-content\/uploads\/2022\/11\/20221102_142113-1024x577.jpg 1024w, https:\/\/eyemaozi.org\/wp-content\/uploads\/2022\/11\/20221102_142113-scaled-600x338.jpg 600w, https:\/\/eyemaozi.org\/wp-content\/uploads\/2022\/11\/20221102_142113-300x169.jpg 300w, https:\/\/eyemaozi.org\/wp-content\/uploads\/2022\/11\/20221102_142113-768x432.jpg 768w, https:\/\/eyemaozi.org\/wp-content\/uploads\/2022\/11\/20221102_142113-1536x865.jpg 1536w, https:\/\/eyemaozi.org\/wp-content\/uploads\/2022\/11\/20221102_142113-2048x1153.jpg 2048w, https:\/\/eyemaozi.org\/wp-content\/uploads\/2022\/11\/20221102_142113-18x10.jpg 18w\" sizes=\"(max-width: 1024px) 100vw, 1024px\" \/><\/noscript><figcaption class=\"wp-element-caption\">Janome<\/figcaption><\/figure>\n\n\n\n<figure class=\"wp-block-image size-large is-style-default\"><img decoding=\"async\" data-id=\"2328\" src=\"data:image\/gif;base64,R0lGODlhAQABAIAAAAAAAP\/\/\/yH5BAEAAAAALAAAAAABAAEAAAIBRAA7\" data-src=\"https:\/\/eyemaozi.org\/wp-content\/uploads\/2022\/11\/20221102_202435-1024x768.jpg\" alt=\"\" class=\"wp-image-2328 lazyload\"\/><noscript><img decoding=\"async\" width=\"1024\" height=\"768\" data-id=\"2328\" src=\"https:\/\/eyemaozi.org\/wp-content\/uploads\/2022\/11\/20221102_202435-1024x768.jpg\" alt=\"\" class=\"wp-image-2328 lazyload\" srcset=\"https:\/\/eyemaozi.org\/wp-content\/uploads\/2022\/11\/20221102_202435-1024x768.jpg 1024w, https:\/\/eyemaozi.org\/wp-content\/uploads\/2022\/11\/20221102_202435-scaled-600x450.jpg 600w, https:\/\/eyemaozi.org\/wp-content\/uploads\/2022\/11\/20221102_202435-300x225.jpg 300w, https:\/\/eyemaozi.org\/wp-content\/uploads\/2022\/11\/20221102_202435-768x576.jpg 768w, https:\/\/eyemaozi.org\/wp-content\/uploads\/2022\/11\/20221102_202435-1536x1152.jpg 1536w, https:\/\/eyemaozi.org\/wp-content\/uploads\/2022\/11\/20221102_202435-2048x1536.jpg 2048w, https:\/\/eyemaozi.org\/wp-content\/uploads\/2022\/11\/20221102_202435-16x12.jpg 16w\" sizes=\"(max-width: 1024px) 100vw, 1024px\" \/><\/noscript><figcaption class=\"wp-element-caption\">Ward Brothers with fins.<\/figcaption><\/figure>\n<\/figure>","protected":false},"excerpt":{"rendered":"","protected":false},"author":1,"featured_media":0,"parent":0,"menu_order":0,"comment_status":"open","ping_status":"closed","template":"","meta":{"om_disable_all_campaigns":false,"_monsterinsights_skip_tracking":false,"_monsterinsights_sitenote_active":false,"_monsterinsights_sitenote_note":"","_monsterinsights_sitenote_category":0,"_uf_show_specific_survey":0,"_uf_disable_surveys":false,"neve_meta_sidebar":"","neve_meta_container":"","neve_meta_enable_content_width":"","neve_meta_content_width":0,"neve_meta_title_alignment":"","neve_meta_author_avatar":"","neve_post_elements_order":"","neve_meta_disable_header":"","neve_meta_disable_footer":"","neve_meta_disable_title":"","_themeisle_gutenberg_block_has_review":false,"footnotes":""},"class_list":["post-2282","page","type-page","status-publish","hentry"],"aioseo_notices":[],"_links":{"self":[{"href":"https:\/\/eyemaozi.org\/de\/wp-json\/wp\/v2\/pages\/2282","targetHints":{"allow":["GET"]}}],"collection":[{"href":"https:\/\/eyemaozi.org\/de\/wp-json\/wp\/v2\/pages"}],"about":[{"href":"https:\/\/eyemaozi.org\/de\/wp-json\/wp\/v2\/types\/page"}],"author":[{"embeddable":true,"href":"https:\/\/eyemaozi.org\/de\/wp-json\/wp\/v2\/users\/1"}],"replies":[{"embeddable":true,"href":"https:\/\/eyemaozi.org\/de\/wp-json\/wp\/v2\/comments?post=2282"}],"version-history":[{"count":0,"href":"https:\/\/eyemaozi.org\/de\/wp-json\/wp\/v2\/pages\/2282\/revisions"}],"wp:attachment":[{"href":"https:\/\/eyemaozi.org\/de\/wp-json\/wp\/v2\/media?parent=2282"}],"curies":[{"name":"wp","href":"https:\/\/api.w.org\/{rel}","templated":true}]}}