{"id":45,"date":"2020-01-07T16:38:22","date_gmt":"2020-01-07T16:38:22","guid":{"rendered":"https:\/\/eyemaozi.org\/?page_id=6"},"modified":"2023-07-11T07:42:15","modified_gmt":"2023-07-10T21:42:15","slug":"artist-homepage","status":"publish","type":"page","link":"https:\/\/eyemaozi.org\/de\/artist-homepage\/","title":{"rendered":"Pinnock Fridor Australia the History"},"content":{"rendered":"<section id=\"wp-block-themeisle-blocks-advanced-columns-05229ef5\" class=\"wp-block-themeisle-blocks-advanced-columns alignfull has-2-columns has-desktop-twoOne-layout has-tablet-equal-layout has-mobile-collapsedRows-layout has-vertical-flex-end\"><div class=\"wp-block-themeisle-blocks-advanced-columns-overlay\"><\/div><div class=\"innerblocks-wrap\">\n<div id=\"wp-block-themeisle-blocks-advanced-column-aca4a175\" class=\"wp-block-themeisle-blocks-advanced-column\"><\/div>\n\n\n\n<div id=\"wp-block-themeisle-blocks-advanced-column-c630bff8\" class=\"wp-block-themeisle-blocks-advanced-column has-dark-bg\">\n<h2 id=\"wp-block-themeisle-blocks-advanced-heading-22fd1fa0\" class=\"wp-block-themeisle-blocks-advanced-heading wp-block-themeisle-blocks-advanced-heading-22fd1fa0\">Vintage-N\u00e4hmaschinen <\/h2>\n\n\n\n<p class=\"has-text-align-left has-white-color has-text-color\" style=\"font-size:22px\">Vermarktet als in Australien hergestellte Maschinen, die in S\u00fcdaustralien hergestellt werden. Mit bunten Plakaten und Werbung, wer w\u00fcrde in den 1950er und fr\u00fchen 60er Jahren nicht gerne eine australische Maschine besitzen...<\/p>\n<\/div>\n<\/div><\/section>\n\n\n\n<h3 class=\"wp-block-heading\">Um auf dieser Website zu navigieren, suchen Sie bitte oben auf der Seite nach Links zu anderen Seiten.<\/h3>\n\n\n\n<section id=\"wp-block-themeisle-blocks-advanced-columns-96e51d92\" class=\"wp-block-themeisle-blocks-advanced-columns alignfull has-1-columns has-desktop-equal-layout has-tablet-equal-layout has-mobile-equal-layout has-vertical-flex-start has-light-bg\"><div class=\"wp-block-themeisle-blocks-advanced-columns-overlay\"><\/div><div class=\"innerblocks-wrap\">\n<div id=\"wp-block-themeisle-blocks-advanced-column-b3673a6c\" class=\"wp-block-themeisle-blocks-advanced-column\">\n<section id=\"wp-block-themeisle-blocks-advanced-columns-08a56c69\" class=\"wp-block-themeisle-blocks-advanced-columns has-3-columns has-desktop-equal-layout has-tablet-equal-layout has-mobile-collapsedRows-layout has-vertical-flex-start\"><div class=\"wp-block-themeisle-blocks-advanced-columns-overlay\"><\/div><div class=\"innerblocks-wrap\">\n<div id=\"wp-block-themeisle-blocks-advanced-column-4120473b\" class=\"wp-block-themeisle-blocks-advanced-column\">\n<h2 class=\"wp-block-heading has-text-align-left\">Geschichte der Pinnock-Fabrik.<\/h2>\n\n\n\n<p class=\"has-text-align-left\">Die ver\u00f6ffentlichte Geschichte der Pinnock-Fabrik in der Gegend von Elizabeth, S\u00fcdaustralien. Fakt oder ein bisschen Furfy?<\/p>\n\n\n\n<p>War die Vermarktung und der Verkauf japanischer Maschinen nach dem Zweiten Weltkrieg einfach nicht das Richtige?<\/p>\n\n\n\n<p>.<\/p>\n\n\n\n<div id=\"wp-block-themeisle-blocks-button-group-c3caac34\" class=\"wp-block-themeisle-blocks-button-group wp-block-buttons\">\n<div id=\"wp-block-themeisle-blocks-button-2724f497\" class=\"wp-block-themeisle-blocks-button wp-block-button\"><a href=\"https:\/\/eyemaozi.org\/de\/pinnock-factory-history\/\" target=\"_self\" rel=\"noopener noreferrer\" class=\"wp-block-button__link\"><span>Weitere Informationen<\/span><i class=\"fas fa-fw fa-arrow-right margin-left\"><\/i><\/a><\/div>\n<\/div>\n<\/div>\n\n\n\n<div id=\"wp-block-themeisle-blocks-advanced-column-cc4d12e4\" class=\"wp-block-themeisle-blocks-advanced-column\">\n<h2 class=\"wp-block-heading has-text-align-left\">Werbematerialien, Plakate.<\/h2>\n\n\n\n<p class=\"has-text-align-left\">Australische Werbeplakate und Zeitschriftenartikel. Wundersch\u00f6n und so klassisch ihrer Zeit.<\/p>\n\n\n\n<p>.<\/p>\n\n\n\n<div id=\"wp-block-themeisle-blocks-button-group-fe626c28\" class=\"wp-block-themeisle-blocks-button-group wp-block-buttons\">\n<div id=\"wp-block-themeisle-blocks-button-44f330ec\" class=\"wp-block-themeisle-blocks-button wp-block-button\"><a href=\"https:\/\/eyemaozi.org\/de\/advertising\/\" target=\"_self\" rel=\"noopener noreferrer\" class=\"wp-block-button__link\"><span>Weitere Informationen<\/span><i class=\"fas fa-fw fa-arrow-right margin-left\"><\/i><\/a><\/div>\n<\/div>\n<\/div>\n\n\n\n<div id=\"wp-block-themeisle-blocks-advanced-column-beaf181f\" class=\"wp-block-themeisle-blocks-advanced-column\">\n<h2 class=\"wp-block-heading has-text-align-left\">Die amerikanische Morsemaschine.<\/h2>\n\n\n\n<p class=\"has-text-align-left\">Viele der Pinnock-Maschinen sind auch als Morsemaschinen zu finden. Meine Seite zeigt einige Vergleiche.<\/p>\n\n\n\n<p class=\"has-text-align-left\">Einen sehr interessanten Artikel finden Sie auf der <a href=\"https:\/\/silverbobbin.com\/morse-sewing-machine-models\/\">Silver Bobbin page.<\/a><\/p>\n\n\n\n<div id=\"wp-block-themeisle-blocks-button-group-b24498d0\" class=\"wp-block-themeisle-blocks-button-group wp-block-buttons\">\n<div id=\"wp-block-themeisle-blocks-button-374faa63\" class=\"wp-block-themeisle-blocks-button wp-block-button\"><a href=\"https:\/\/eyemaozi.org\/de\/pinnock-vs-morse\/\" target=\"_self\" rel=\"noopener noreferrer\" class=\"wp-block-button__link\"><span>Weitere Informationen<\/span><i class=\"fas fa-fw fa-arrow-right margin-left\"><\/i><\/a><\/div>\n<\/div>\n<\/div>\n<\/div><\/section>\n\n\n\n<section id=\"wp-block-themeisle-blocks-advanced-columns-364ecafa\" class=\"wp-block-themeisle-blocks-advanced-columns has-3-columns has-desktop-equal-layout has-tablet-equal-layout has-mobile-collapsedRows-layout has-vertical-flex-start\"><div class=\"wp-block-themeisle-blocks-advanced-columns-overlay\"><\/div><div class=\"innerblocks-wrap\">\n<div id=\"wp-block-themeisle-blocks-advanced-column-03dd5b0b\" class=\"wp-block-themeisle-blocks-advanced-column\">\n<h2 class=\"wp-block-heading has-text-align-left\">Pinnock Toyota-Maschinen.<\/h2>\n\n\n\n<p class=\"has-text-align-left\">Diese Maschinen wurden in den 1950er Jahren von Toyota in Japan hergestellt<\/p>\n\n\n\n<div id=\"wp-block-themeisle-blocks-button-group-9914b4cb\" class=\"wp-block-themeisle-blocks-button-group wp-block-buttons\">\n<div id=\"wp-block-themeisle-blocks-button-251ec736\" class=\"wp-block-themeisle-blocks-button wp-block-button\"><a href=\"https:\/\/eyemaozi.org\/de\/artist-single-artwork\/\" target=\"_self\" rel=\"noopener noreferrer\" class=\"wp-block-button__link\"><span>Weitere Informationen<\/span><i class=\"fas fa-fw fa-arrow-right margin-left\"><\/i><\/a><\/div>\n<\/div>\n<\/div>\n\n\n\n<div id=\"wp-block-themeisle-blocks-advanced-column-1cfe91da\" class=\"wp-block-themeisle-blocks-advanced-column\">\n<h2 class=\"wp-block-heading has-text-align-left\">Pinnock Trendsetters.<\/h2>\n\n\n\n<p class=\"has-text-align-left\">Die Pinnocks der Trendsetter-Reihe haben ein markantes rotes Trendsetter-Abzeichen.<\/p>\n\n\n\n<p>Circa 1960s<\/p>\n\n\n\n<div id=\"wp-block-themeisle-blocks-button-group-cc84fbc2\" class=\"wp-block-themeisle-blocks-button-group wp-block-buttons\">\n<div id=\"wp-block-themeisle-blocks-button-55cf9994\" class=\"wp-block-themeisle-blocks-button wp-block-button\"><a href=\"https:\/\/eyemaozi.org\/de\/trendsetter\/\" target=\"_self\" rel=\"noopener noreferrer\" class=\"wp-block-button__link\"><span>Weitere Informationen<\/span><i class=\"fas fa-fw fa-arrow-right margin-left\"><\/i><\/a><\/div>\n<\/div>\n<\/div>\n\n\n\n<div id=\"wp-block-themeisle-blocks-advanced-column-4424c07d\" class=\"wp-block-themeisle-blocks-advanced-column\">\n<h2 class=\"wp-block-heading has-text-align-left\">Pinnock CFM.<\/h2>\n\n\n\n<p class=\"has-text-align-left\">Currie Furniture Manufacturing<\/p>\n\n\n\n<p class=\"has-text-align-left\"><strong>Pinnock<\/strong>&nbsp;was a trade name&nbsp;<strong>CFM<\/strong>&nbsp;Industrien kauften in den sp\u00e4ten 1960er Jahren japanische N\u00e4hmaschinen, Schreibmaschinen und andere Artikel.<\/p>\n\n\n\n<div id=\"wp-block-themeisle-blocks-button-group-ee5f0807\" class=\"wp-block-themeisle-blocks-button-group wp-block-buttons\">\n<div id=\"wp-block-themeisle-blocks-button-a270dde8\" class=\"wp-block-themeisle-blocks-button wp-block-button\"><a href=\"https:\/\/eyemaozi.org\/de\/cfm-pinnock-models\/\" target=\"_self\" rel=\"noopener noreferrer\" class=\"wp-block-button__link\"><span>Weitere Informationen<\/span><i class=\"fas fa-fw fa-arrow-right margin-left\"><\/i><\/a><\/div>\n<\/div>\n<\/div>\n<\/div><\/section>\n<\/div>\n<\/div><\/section>\n\n\n\n<section id=\"wp-block-themeisle-blocks-advanced-columns-c620a6ed\" class=\"wp-block-themeisle-blocks-advanced-columns alignfull has-1-columns has-desktop-equal-layout has-tablet-equal-layout has-mobile-equal-layout has-vertical-flex-start has-dark-bg\"><div class=\"wp-block-themeisle-blocks-advanced-columns-overlay\"><\/div><div class=\"innerblocks-wrap\">\n<div id=\"wp-block-themeisle-blocks-advanced-column-bd523930\" class=\"wp-block-themeisle-blocks-advanced-column\">\n<section id=\"wp-block-themeisle-blocks-advanced-columns-cc52390b\" class=\"wp-block-themeisle-blocks-advanced-columns has-2-columns has-desktop-equal-layout has-tablet-equal-layout has-mobile-collapsedRows-layout has-vertical-flex-start\"><div class=\"wp-block-themeisle-blocks-advanced-columns-overlay\"><\/div><div class=\"innerblocks-wrap\">\n<div id=\"wp-block-themeisle-blocks-advanced-column-4870124f\" class=\"wp-block-themeisle-blocks-advanced-column\">\n<h2 class=\"wp-block-heading has-text-align-left has-white-color has-text-color has-large-font-size\">The Australian Made machine? <\/h2>\n\n\n\n<h2 class=\"wp-block-heading has-text-align-left has-white-color has-text-color has-large-font-size\">Als australische Maschine vermarktet, aber eindeutig importiert und umbenannt. Echte japanische Qualit\u00e4t und sogar ein bisschen niederl\u00e4ndische Euro-Qualit\u00e4t.<\/h2>\n<\/div>\n\n\n\n<div id=\"wp-block-themeisle-blocks-advanced-column-719fe1d2\" class=\"wp-block-themeisle-blocks-advanced-column\">\n<div id=\"wp-block-themeisle-blocks-button-group-a5c010e4\" class=\"wp-block-themeisle-blocks-button-group wp-block-buttons align-right\">\n<div id=\"wp-block-themeisle-blocks-button-02db5082\" class=\"wp-block-themeisle-blocks-button wp-block-button\"><a href=\"#\" target=\"_self\" rel=\"noopener noreferrer\" class=\"wp-block-button__link\"><span>Gallery<\/span><i class=\"fas fa-fw fa-arrow-right margin-left\"><\/i><\/a><\/div>\n<\/div>\n<\/div>\n<\/div><\/section>\n\n\n\n<section id=\"wp-block-themeisle-blocks-advanced-columns-b05bcbc3\" class=\"wp-block-themeisle-blocks-advanced-columns has-2-columns has-desktop-equal-layout has-tablet-equal-layout has-mobile-equal-layout has-vertical-flex-start\"><div class=\"wp-block-themeisle-blocks-advanced-columns-overlay\"><\/div><div class=\"innerblocks-wrap\">\n<div id=\"wp-block-themeisle-blocks-advanced-column-3703ac51\" class=\"wp-block-themeisle-blocks-advanced-column\">\n<figure class=\"wp-block-image size-full is-resized\"><img decoding=\"async\" src=\"data:image\/gif;base64,R0lGODlhAQABAIAAAAAAAP\/\/\/yH5BAEAAAAALAAAAAABAAEAAAIBRAA7\" data-src=\"https:\/\/eyemaozi.org\/wp-content\/uploads\/2022\/03\/Pinnockadvert3.jpg\" alt=\"\" class=\"wp-image-270 lazyload\" width=\"552\" height=\"696\"\/><noscript><img decoding=\"async\" src=\"https:\/\/eyemaozi.org\/wp-content\/uploads\/2022\/03\/Pinnockadvert3.jpg\" alt=\"\" class=\"wp-image-270 lazyload\" width=\"552\" height=\"696\" srcset=\"https:\/\/eyemaozi.org\/wp-content\/uploads\/2022\/03\/Pinnockadvert3.jpg 304w, https:\/\/eyemaozi.org\/wp-content\/uploads\/2022\/03\/Pinnockadvert3-238x300.jpg 238w, https:\/\/eyemaozi.org\/wp-content\/uploads\/2022\/03\/Pinnockadvert3-10x12.jpg 10w\" sizes=\"(max-width: 552px) 100vw, 552px\" \/><\/noscript><\/figure>\n\n\n\n<h3 class=\"wp-block-heading has-text-align-left has-white-color has-text-color\"><\/h3>\n\n\n\n<p class=\"has-white-color has-text-color\"><\/p>\n<\/div>\n\n\n\n<div id=\"wp-block-themeisle-blocks-advanced-column-82fada7d\" class=\"wp-block-themeisle-blocks-advanced-column\">\n<figure class=\"wp-block-image size-full\"><img decoding=\"async\" src=\"data:image\/gif;base64,R0lGODlhAQABAIAAAAAAAP\/\/\/yH5BAEAAAAALAAAAAABAAEAAAIBRAA7\" data-src=\"https:\/\/eyemaozi.org\/wp-content\/uploads\/2022\/03\/Pinnockadvert2.jpg\" alt=\"\" class=\"wp-image-271 lazyload\"\/><noscript><img decoding=\"async\" width=\"564\" height=\"724\" src=\"https:\/\/eyemaozi.org\/wp-content\/uploads\/2022\/03\/Pinnockadvert2.jpg\" alt=\"\" class=\"wp-image-271 lazyload\" srcset=\"https:\/\/eyemaozi.org\/wp-content\/uploads\/2022\/03\/Pinnockadvert2.jpg 564w, https:\/\/eyemaozi.org\/wp-content\/uploads\/2022\/03\/Pinnockadvert2-234x300.jpg 234w, https:\/\/eyemaozi.org\/wp-content\/uploads\/2022\/03\/Pinnockadvert2-9x12.jpg 9w\" sizes=\"(max-width: 564px) 100vw, 564px\" \/><\/noscript><\/figure>\n\n\n\n<h3 class=\"wp-block-heading has-text-align-left has-white-color has-text-color\"><\/h3>\n\n\n\n<p class=\"has-text-align-left has-white-color has-text-color\"><\/p>\n<\/div>\n<\/div><\/section>\n<\/div>\n<\/div><\/section>","protected":false},"excerpt":{"rendered":"<p>Um auf dieser Website zu navigieren, suchen Sie bitte oben auf der Seite nach Links zu anderen Seiten.<\/p>","protected":false},"author":1,"featured_media":0,"parent":0,"menu_order":0,"comment_status":"open","ping_status":"closed","template":"","meta":{"om_disable_all_campaigns":false,"_monsterinsights_skip_tracking":false,"_monsterinsights_sitenote_active":false,"_monsterinsights_sitenote_note":"","_monsterinsights_sitenote_category":0,"_uf_show_specific_survey":0,"_uf_disable_surveys":false,"neve_meta_sidebar":"full-width","neve_meta_container":"","neve_meta_enable_content_width":"off","neve_meta_content_width":0,"neve_meta_title_alignment":"","neve_meta_author_avatar":"","neve_post_elements_order":"","neve_meta_disable_header":"","neve_meta_disable_footer":"","neve_meta_disable_title":"on","_themeisle_gutenberg_block_has_review":false,"footnotes":""},"class_list":["post-45","page","type-page","status-publish","hentry"],"aioseo_notices":[],"_links":{"self":[{"href":"https:\/\/eyemaozi.org\/de\/wp-json\/wp\/v2\/pages\/45","targetHints":{"allow":["GET"]}}],"collection":[{"href":"https:\/\/eyemaozi.org\/de\/wp-json\/wp\/v2\/pages"}],"about":[{"href":"https:\/\/eyemaozi.org\/de\/wp-json\/wp\/v2\/types\/page"}],"author":[{"embeddable":true,"href":"https:\/\/eyemaozi.org\/de\/wp-json\/wp\/v2\/users\/1"}],"replies":[{"embeddable":true,"href":"https:\/\/eyemaozi.org\/de\/wp-json\/wp\/v2\/comments?post=45"}],"version-history":[{"count":0,"href":"https:\/\/eyemaozi.org\/de\/wp-json\/wp\/v2\/pages\/45\/revisions"}],"wp:attachment":[{"href":"https:\/\/eyemaozi.org\/de\/wp-json\/wp\/v2\/media?parent=45"}],"curies":[{"name":"wp","href":"https:\/\/api.w.org\/{rel}","templated":true}]}}