{"id":537,"date":"2022-03-10T19:05:24","date_gmt":"2022-03-10T08:05:24","guid":{"rendered":"https:\/\/eyemaozi.org\/?page_id=537"},"modified":"2023-08-05T09:46:11","modified_gmt":"2023-08-04T23:46:11","slug":"whats-it-worth","status":"publish","type":"page","link":"https:\/\/eyemaozi.org\/de\/whats-it-worth\/","title":{"rendered":"What&#8217;s it worth?"},"content":{"rendered":"<div class=\"wp-block-media-text alignwide has-media-on-the-right is-stacked-on-mobile\"><div class=\"wp-block-media-text__content\">\n<h3 class=\"wp-block-heading\">Bewertungen und Fragen, wie viel diese Maschinen wert sind. <\/h3>\n<\/div><figure class=\"wp-block-media-text__media\"><img decoding=\"async\" src=\"data:image\/gif;base64,R0lGODlhAQABAIAAAAAAAP\/\/\/yH5BAEAAAAALAAAAAABAAEAAAIBRAA7\" data-src=\"https:\/\/eyemaozi.org\/wp-content\/uploads\/2023\/08\/336341698_6458335440880586_7707913882526165287_n.jpg\" alt=\"\" class=\"wp-image-5785 size-full lazyload\"\/><noscript><img decoding=\"async\" width=\"960\" height=\"557\" src=\"https:\/\/eyemaozi.org\/wp-content\/uploads\/2023\/08\/336341698_6458335440880586_7707913882526165287_n.jpg\" alt=\"\" class=\"wp-image-5785 size-full lazyload\" srcset=\"https:\/\/eyemaozi.org\/wp-content\/uploads\/2023\/08\/336341698_6458335440880586_7707913882526165287_n.jpg 960w, https:\/\/eyemaozi.org\/wp-content\/uploads\/2023\/08\/336341698_6458335440880586_7707913882526165287_n-300x174.jpg 300w, https:\/\/eyemaozi.org\/wp-content\/uploads\/2023\/08\/336341698_6458335440880586_7707913882526165287_n-768x446.jpg 768w, https:\/\/eyemaozi.org\/wp-content\/uploads\/2023\/08\/336341698_6458335440880586_7707913882526165287_n-18x10.jpg 18w, https:\/\/eyemaozi.org\/wp-content\/uploads\/2023\/08\/336341698_6458335440880586_7707913882526165287_n-600x348.jpg 600w\" sizes=\"(max-width: 960px) 100vw, 960px\" \/><\/noscript><\/figure><\/div>\n\n\n\n<h2 class=\"wp-block-heading\">Kurze Antwort!<\/h2>\n\n\n\n<h4 class=\"wp-block-heading\">Das h\u00e4ngt vom Standort ab. Also derzeit hier jetzt im Jahr 2023 Australien, nach der Pandemie. .... und ich m\u00f6chte niemanden beleidigen, da dies nur meine pers\u00f6nliche Meinung ist, aber OK habe es im Durchschnitt 50 australische Dollar ver\u00f6ffentlicht. (Lesen Sie weiter, um zu erfahren, warum ich das sage.)<\/h4>\n\n\n\n<h2 class=\"wp-block-heading\">Lange Antwort!<\/h2>\n\n\n\n<p>\"Ein Artikel jeglicher Art ist nur so viel wert (in monet\u00e4rem Wert), wie es der Markt diktiert oder der K\u00e4ufer bereit ist zu zahlen.\"<\/p>\n\n\n\n<p>Es scheint die Hauptfrage zu sein, die sich die Leute stellen, wenn sie die alte N\u00e4hmaschine von M\u00fcttern, V\u00e4tern, Opas oder Omas im hinteren Teil des Schranks oder sogar im hinteren Teil der Garage finden. <\/p>\n\n\n\n<p>Sie m\u00fcssen sich zuerst fragen, was der Gegenstand f\u00fcr Sie wert ist, wenn er einen sentimentalen Wert hat, dann wird kein Geldbetrag hoch genug sein. Wenn es keinen sentimentalen Wert hat, kann nur der Markt diktieren, was eine N\u00e4hmaschine wert ist.<\/p>\n\n\n\n<p>Denken Sie daran, wenn es sich in einem Schrank befindet und zu gro\u00df, besch\u00e4digt oder \"h\u00e4sslich\" f\u00fcr Ihr eigenes Haus ist, wird es h\u00f6chstwahrscheinlich f\u00fcr jemand anderen genauso sein, es sei denn, es handelt sich um einen Sammler.  Wenn es im hinteren Teil des Schuppens zur\u00fcckgelassen wurde und mit Staub und schlimmer noch Rost bedeckt ist und die Wahrscheinlichkeit gering ist, dass es n\u00e4ht oder sogar wieder gut aussieht, ist es m\u00f6glicherweise nur f\u00fcr Teile gut, wenn \u00fcberhaupt.  Sind Sie Hunderte, wenn nicht Tausende von Kilometern von Ihrer n\u00e4chsten Stadt entfernt und die Maschine muss abgeholt werden? M\u00f6glicherweise werden Sie feststellen, dass K\u00e4ufer nicht reisen, es sei denn, es handelt sich um eine super seltene Maschine.<\/p>\n\n\n\n<h3 class=\"wp-block-heading\">Liebhaberwert<\/h3>\n\n\n\n<p>Wenn eine N\u00e4hmaschine, die Sie haben, einen sentimentalen Wert hat, dann denken Sie dar\u00fcber nach, sie zu behalten. Machen Sie sich nicht einmal Gedanken dar\u00fcber, wie hoch der Geldwert ist, denn Sie k\u00f6nnten schockiert sein, wenn Sie herausfinden, dass es sehr wenig ist. Bewahren Sie die Maschine auf, pflegen Sie sie, reinigen und \u00f6len Sie sie, verwenden Sie sie, geben Sie sie an die Kinder weiter oder verschenken Sie sie an einen geliebten Menschen.  <\/p>\n\n\n\n<p>Wenn Sie es wirklich loswerden m\u00fcssen, bieten Sie es zum Verkauf an, aber wundern Sie sich nicht, wenn Sie nur ein wenig Geld daf\u00fcr bekommen. Oder bewerben Sie es in einer N\u00e4hmaschinen-Sammlergruppe, es gibt Sammler da drau\u00dfen, die es nehmen und sch\u00e4tzen.<\/p>\n\n\n\n<h3 class=\"wp-block-heading\">Geldwert<\/h3>\n\n\n\n<p>Ich habe festgestellt, dass 50 US-Dollar ungef\u00e4hr das sind, wof\u00fcr eine Vintage-N\u00e4hmaschine heutzutage verkauft wird. Mehr oder weniger. Manchmal ein bisschen mehr, manchmal kann man es nicht verschenken. Vintage-Maschinen wurden f\u00fcr die Ewigkeit gemacht. Sie werden noch lange nach unserem Tod da sein, wenn sie richtig gepflegt werden. \u00dcber die Plastikmaschinen, die nach den 70er Jahren hergestellt wurden, wei\u00df ich sehr wenig, daher kann ich sie nicht kommentieren. Es gibt Hunderttausende dieser alten Maschinen aus der Zeit vor den 1960er Jahren.  Sie wurden aus Metallteilen hergestellt, die zu ihrer Zeit gesch\u00e4tzt wurden, da sie teuer in der Anschaffung waren, also wurden sie aufbewahrt. Jedes zweite Haus hatte einen. Sie halten... und zu guter Letzt...<\/p>\n\n\n\n<div class=\"wp-block-media-text alignwide has-media-on-the-right is-stacked-on-mobile\"><div class=\"wp-block-media-text__content\">\n<p><strong>Zustand, Seltenheit und Nachfrage bestimmen den Wert. Funktioniert es, wurde es gewartet, ist es elektrisch unbedenklich in der Anwendung, ist es besch\u00e4digt, zerkratzt, rostig und ist es vollst\u00e4ndig? Verf\u00fcgt es \u00fcber alle Zubeh\u00f6rteile und Teile, einschlie\u00dflich der mitgelieferten Bedienungsanleitung? Wenn es makellos ist und alles hat, dann hat es einen gr\u00f6\u00dferen Wert.<\/strong><\/p>\n<\/div><figure class=\"wp-block-media-text__media\"><img decoding=\"async\" src=\"data:image\/gif;base64,R0lGODlhAQABAIAAAAAAAP\/\/\/yH5BAEAAAAALAAAAAABAAEAAAIBRAA7\" data-src=\"https:\/\/eyemaozi.org\/wp-content\/uploads\/2022\/10\/20221030_135329-1-1024x577.jpg\" alt=\"\" class=\"wp-image-2222 size-full lazyload\"\/><noscript><img decoding=\"async\" width=\"1024\" height=\"577\" src=\"https:\/\/eyemaozi.org\/wp-content\/uploads\/2022\/10\/20221030_135329-1-1024x577.jpg\" alt=\"\" class=\"wp-image-2222 size-full lazyload\" srcset=\"https:\/\/eyemaozi.org\/wp-content\/uploads\/2022\/10\/20221030_135329-1-1024x577.jpg 1024w, https:\/\/eyemaozi.org\/wp-content\/uploads\/2022\/10\/20221030_135329-1-scaled-600x338.jpg 600w, https:\/\/eyemaozi.org\/wp-content\/uploads\/2022\/10\/20221030_135329-1-300x169.jpg 300w, https:\/\/eyemaozi.org\/wp-content\/uploads\/2022\/10\/20221030_135329-1-768x432.jpg 768w, https:\/\/eyemaozi.org\/wp-content\/uploads\/2022\/10\/20221030_135329-1-1536x865.jpg 1536w, https:\/\/eyemaozi.org\/wp-content\/uploads\/2022\/10\/20221030_135329-1-2048x1153.jpg 2048w, https:\/\/eyemaozi.org\/wp-content\/uploads\/2022\/10\/20221030_135329-1-18x10.jpg 18w\" sizes=\"(max-width: 1024px) 100vw, 1024px\" \/><\/noscript><\/figure><\/div>\n\n\n\n<p>Singers k\u00f6nnen h\u00f6here Preise diktieren, da es eine gut etablierte Sammlergruppe f\u00fcr diese gibt, aber auch hier nicht alle S\u00e4nger. Zustand, Zustand, Zustand. <\/p>\n\n\n\n<p>Japanische Maschinen werden nicht von vielen gesammelt, es gibt einige begeisterte Sammler. Europ\u00e4ische Modelle haben ihre eigene Gruppe von Sammlern und einige davon k\u00f6nnen gro\u00dfartige Maschinen sein. Zustand, Zustand, Zustand. <\/p>\n\n\n\n<p>Recherchieren Sie, schauen Sie sich beendete Auktionen an, schauen Sie sich Gumtree-Angebote an, um zu sehen, was da ist und wie lange es unverkauft geblieben ist. Sie werden Hunderte von Maschinen sehen, die aufgelistet sind und sogar kostenlos sind. Wenn Sie glauben, dass Sie eine seltene Maschine haben und sie sich in einem tadellosen Zustand befindet, dann kann sie durchaus ein paar hundert Dollar wert sein, aber wahrscheinlich nicht viel mehr als das.  Wenn Sie glauben, dass Sie einen guten haben, stellen Sie ihn auf einer der Online-Auktionsseiten ein und sehen Sie, wie es l\u00e4uft. <\/p>\n\n\n\n<p>Wenn Sie keine Zeit zum Recherchieren haben, fragen Sie bei einer Sammlergruppe nach. Die meisten Leute werden ehrlich zu Ihnen sein und Sie erhalten vielleicht sogar sofort ein vern\u00fcnftiges Angebot.<\/p>\n\n\n\n<h3 class=\"wp-block-heading\">Historischer Wert<\/h3>\n\n\n\n<p>Es gibt einige N\u00e4hmaschinensammler, die kleine Museumsbetriebe betreiben und Ihre Maschine gerne mitnehmen w\u00fcrden, um die Geschichte zu bewahren.  Suchen Sie diese in Ihrer N\u00e4he.<\/p>\n\n\n\n<h3 class=\"wp-block-heading\">Endlich<\/h3>\n\n\n\n<p>Ich bin ein Sammler und Restaurator, ich w\u00e4re verr\u00fcckt, das nicht zu sagen, also wenn Sie einen alten Pinnock haben, k\u00f6nnen Sie mich gerne kontaktieren. (Ich werde nicht mehr von den CFM Pinnocks sammeln), aber wenn ich sie nicht in meine Sammlung aufnehmen kann, kenne ich vielleicht jemanden, der daran interessiert ist. Auch hier werden Ihnen nicht viele $ angeboten, aber Ihre Maschine wird von einem Sammler betreut und landet nicht auf der M\u00fclldeponie.<\/p>","protected":false},"excerpt":{"rendered":"<p>Valuations and questions about how much these machines are worth. Short answer! It depends on location. So currently here now in 2023 Australia, post pandemic. &#8230;. and I don&#8217;t mean to offend anyone as this is only my personal opinion, but O.K ill put it out there, on average $50 Aussie dollars. (read on for&hellip;&nbsp;<a href=\"https:\/\/eyemaozi.org\/de\/whats-it-worth\/\" class=\"\" rel=\"bookmark\">Weiterlesen &raquo;<span class=\"screen-reader-text\">What&#8217;s it worth?<\/span><\/a><\/p>","protected":false},"author":1,"featured_media":0,"parent":0,"menu_order":0,"comment_status":"closed","ping_status":"closed","template":"","meta":{"om_disable_all_campaigns":false,"_monsterinsights_skip_tracking":false,"_monsterinsights_sitenote_active":false,"_monsterinsights_sitenote_note":"","_monsterinsights_sitenote_category":0,"_uf_show_specific_survey":0,"_uf_disable_surveys":false,"neve_meta_sidebar":"","neve_meta_container":"","neve_meta_enable_content_width":"","neve_meta_content_width":0,"neve_meta_title_alignment":"","neve_meta_author_avatar":"","neve_post_elements_order":"","neve_meta_disable_header":"","neve_meta_disable_footer":"","neve_meta_disable_title":"","_themeisle_gutenberg_block_has_review":false,"footnotes":""},"class_list":["post-537","page","type-page","status-publish","hentry"],"aioseo_notices":[],"_links":{"self":[{"href":"https:\/\/eyemaozi.org\/de\/wp-json\/wp\/v2\/pages\/537","targetHints":{"allow":["GET"]}}],"collection":[{"href":"https:\/\/eyemaozi.org\/de\/wp-json\/wp\/v2\/pages"}],"about":[{"href":"https:\/\/eyemaozi.org\/de\/wp-json\/wp\/v2\/types\/page"}],"author":[{"embeddable":true,"href":"https:\/\/eyemaozi.org\/de\/wp-json\/wp\/v2\/users\/1"}],"replies":[{"embeddable":true,"href":"https:\/\/eyemaozi.org\/de\/wp-json\/wp\/v2\/comments?post=537"}],"version-history":[{"count":0,"href":"https:\/\/eyemaozi.org\/de\/wp-json\/wp\/v2\/pages\/537\/revisions"}],"wp:attachment":[{"href":"https:\/\/eyemaozi.org\/de\/wp-json\/wp\/v2\/media?parent=537"}],"curies":[{"name":"wp","href":"https:\/\/api.w.org\/{rel}","templated":true}]}}