{"id":5736,"date":"2023-08-04T21:52:39","date_gmt":"2023-08-04T11:52:39","guid":{"rendered":"https:\/\/eyemaozi.org\/?page_id=5736"},"modified":"2023-08-05T16:01:31","modified_gmt":"2023-08-05T06:01:31","slug":"singer-96k49","status":"publish","type":"page","link":"https:\/\/eyemaozi.org\/de\/singer-96k49\/","title":{"rendered":"Singer 96K49"},"content":{"rendered":"<div class=\"wp-block-media-text alignwide has-media-on-the-right is-stacked-on-mobile\"><div class=\"wp-block-media-text__content\">\n<p>Industrieller Geradstich.<\/p>\n\n\n\n<p>EH154893 &#8211; March 5th, 1952<\/p>\n<\/div><figure class=\"wp-block-media-text__media\"><img decoding=\"async\" src=\"data:image\/gif;base64,R0lGODlhAQABAIAAAAAAAP\/\/\/yH5BAEAAAAALAAAAAABAAEAAAIBRAA7\" data-src=\"https:\/\/eyemaozi.org\/wp-content\/uploads\/2023\/08\/20230802_161817-1024x650.jpg\" alt=\"\" class=\"wp-image-5737 size-full lazyload\"\/><noscript><img decoding=\"async\" width=\"1024\" height=\"650\" src=\"https:\/\/eyemaozi.org\/wp-content\/uploads\/2023\/08\/20230802_161817-1024x650.jpg\" alt=\"\" class=\"wp-image-5737 size-full lazyload\" srcset=\"https:\/\/eyemaozi.org\/wp-content\/uploads\/2023\/08\/20230802_161817-1024x650.jpg 1024w, https:\/\/eyemaozi.org\/wp-content\/uploads\/2023\/08\/20230802_161817-300x190.jpg 300w, https:\/\/eyemaozi.org\/wp-content\/uploads\/2023\/08\/20230802_161817-768x487.jpg 768w, https:\/\/eyemaozi.org\/wp-content\/uploads\/2023\/08\/20230802_161817-1536x975.jpg 1536w, https:\/\/eyemaozi.org\/wp-content\/uploads\/2023\/08\/20230802_161817-2048x1300.jpg 2048w, https:\/\/eyemaozi.org\/wp-content\/uploads\/2023\/08\/20230802_161817-18x12.jpg 18w, https:\/\/eyemaozi.org\/wp-content\/uploads\/2023\/08\/20230802_161817-600x381.jpg 600w\" sizes=\"(max-width: 1024px) 100vw, 1024px\" \/><\/noscript><\/figure><\/div>\n\n\n\n<p>Diese Maschine wurde 2022 direkt auf der Stra\u00dfe kostenlos angeboten. Die urspr\u00fcngliche Besitzerin, die N\u00e4herin war, war verstorben und ihre T\u00f6chter versuchten verzweifelt, das Haus zu entr\u00fcmpeln. Leider habe ich im Moment nicht viel Platz f\u00fcr Industriemaschinen, aber ich habe mich entschlossen, diese zu retten.  Abgesehen von ein bisschen Nadelausschlag ist sie immer noch recht attraktiv.<\/p>\n\n\n\n<p>Die Basis war ein generischer, lokal produzierter St\u00e4nder und der Motor hatte schon bessere Tage gesehen. Ich habe diese umgesiedelt und den Kopf, die Lampe, den Fadenst\u00e4nder und die Tischplatte aus massivem Holz behalten. Ich hoffe, dass ich eines Tages einen neuen Satz \"Beine\" und einen neuen Motor bekomme, um sie als Basis zu verwenden und sie zum Laufen zu bringen. In der Zwischenzeit sitzt sie unt\u00e4tig da und wartet auf diesen schicksalhaften Tag.<\/p>\n\n\n\n<p><a href=\"https:\/\/drive.google.com\/file\/d\/1EIGuvj3YzOShvr5ka3Tfj_9QIo-OXcbn\/view?usp=drive_link\" title=\"\">Free PDF copy of the Singer 96K49 parts list can be found here on my google drive.<\/a><\/p>\n\n\n\n<p>Die Bedienungsanleitung, die mit diesem Ger\u00e4t geliefert wurde, kann kostenlos als <a href=\"https:\/\/drive.google.com\/file\/d\/1p0YTVsOvgD8sav6eoUs3oCY8q1s-Eiw_\/view?usp=drive_link\" title=\"\">PDF from my google drive from here.<\/a><\/p>\n\n\n\n<p>Hier sind die Bilder von ihr, wie sie kostenlos beworben wurde.<\/p>\n\n\n\n<h4 class=\"wp-block-heading\">Kam zu mir als \"frei zu einem guten Zuhause\".<\/h4>\n\n\n\n<figure class=\"wp-block-gallery has-nested-images columns-2 is-cropped wp-block-gallery-1 is-layout-flex wp-block-gallery-is-layout-flex\">\n<figure class=\"wp-block-image size-large is-style-default\"><img decoding=\"async\" data-id=\"5738\" src=\"data:image\/gif;base64,R0lGODlhAQABAIAAAAAAAP\/\/\/yH5BAEAAAAALAAAAAABAAEAAAIBRAA7\" data-src=\"https:\/\/eyemaozi.org\/wp-content\/uploads\/2023\/08\/271354464_4739802219466583_2774479980956486914_n.jpg\" alt=\"\" class=\"wp-image-5738 lazyload\"\/><noscript><img decoding=\"async\" width=\"960\" height=\"667\" data-id=\"5738\" src=\"https:\/\/eyemaozi.org\/wp-content\/uploads\/2023\/08\/271354464_4739802219466583_2774479980956486914_n.jpg\" alt=\"\" class=\"wp-image-5738 lazyload\" srcset=\"https:\/\/eyemaozi.org\/wp-content\/uploads\/2023\/08\/271354464_4739802219466583_2774479980956486914_n.jpg 960w, https:\/\/eyemaozi.org\/wp-content\/uploads\/2023\/08\/271354464_4739802219466583_2774479980956486914_n-300x208.jpg 300w, https:\/\/eyemaozi.org\/wp-content\/uploads\/2023\/08\/271354464_4739802219466583_2774479980956486914_n-768x534.jpg 768w, https:\/\/eyemaozi.org\/wp-content\/uploads\/2023\/08\/271354464_4739802219466583_2774479980956486914_n-18x12.jpg 18w, https:\/\/eyemaozi.org\/wp-content\/uploads\/2023\/08\/271354464_4739802219466583_2774479980956486914_n-600x417.jpg 600w\" sizes=\"(max-width: 960px) 100vw, 960px\" \/><\/noscript><\/figure>\n\n\n\n<figure class=\"wp-block-image size-large is-style-default\"><img decoding=\"async\" data-id=\"5745\" src=\"data:image\/gif;base64,R0lGODlhAQABAIAAAAAAAP\/\/\/yH5BAEAAAAALAAAAAABAAEAAAIBRAA7\" data-src=\"https:\/\/eyemaozi.org\/wp-content\/uploads\/2023\/08\/272536295_5171990876147083_6235721125274842311_n.png\" alt=\"\" class=\"wp-image-5745 lazyload\"\/><noscript><img decoding=\"async\" width=\"960\" height=\"667\" data-id=\"5745\" src=\"https:\/\/eyemaozi.org\/wp-content\/uploads\/2023\/08\/272536295_5171990876147083_6235721125274842311_n.png\" alt=\"\" class=\"wp-image-5745 lazyload\" srcset=\"https:\/\/eyemaozi.org\/wp-content\/uploads\/2023\/08\/272536295_5171990876147083_6235721125274842311_n.png 960w, https:\/\/eyemaozi.org\/wp-content\/uploads\/2023\/08\/272536295_5171990876147083_6235721125274842311_n-300x208.png 300w, https:\/\/eyemaozi.org\/wp-content\/uploads\/2023\/08\/272536295_5171990876147083_6235721125274842311_n-768x534.png 768w, https:\/\/eyemaozi.org\/wp-content\/uploads\/2023\/08\/272536295_5171990876147083_6235721125274842311_n-18x12.png 18w, https:\/\/eyemaozi.org\/wp-content\/uploads\/2023\/08\/272536295_5171990876147083_6235721125274842311_n-600x417.png 600w\" sizes=\"(max-width: 960px) 100vw, 960px\" \/><\/noscript><\/figure>\n\n\n\n<figure class=\"wp-block-image size-large is-style-default\"><img decoding=\"async\" data-id=\"5740\" src=\"data:image\/gif;base64,R0lGODlhAQABAIAAAAAAAP\/\/\/yH5BAEAAAAALAAAAAABAAEAAAIBRAA7\" data-src=\"https:\/\/eyemaozi.org\/wp-content\/uploads\/2023\/08\/272843863_4903449239748837_1447421611164277487_n-rotated.jpg\" alt=\"\" class=\"wp-image-5740 lazyload\"\/><noscript><img decoding=\"async\" width=\"960\" height=\"667\" data-id=\"5740\" src=\"https:\/\/eyemaozi.org\/wp-content\/uploads\/2023\/08\/272843863_4903449239748837_1447421611164277487_n-rotated.jpg\" alt=\"\" class=\"wp-image-5740 lazyload\" srcset=\"https:\/\/eyemaozi.org\/wp-content\/uploads\/2023\/08\/272843863_4903449239748837_1447421611164277487_n-rotated.jpg 960w, https:\/\/eyemaozi.org\/wp-content\/uploads\/2023\/08\/272843863_4903449239748837_1447421611164277487_n-300x208.jpg 300w, https:\/\/eyemaozi.org\/wp-content\/uploads\/2023\/08\/272843863_4903449239748837_1447421611164277487_n-768x534.jpg 768w, https:\/\/eyemaozi.org\/wp-content\/uploads\/2023\/08\/272843863_4903449239748837_1447421611164277487_n-18x12.jpg 18w, https:\/\/eyemaozi.org\/wp-content\/uploads\/2023\/08\/272843863_4903449239748837_1447421611164277487_n-600x417.jpg 600w\" sizes=\"(max-width: 960px) 100vw, 960px\" \/><\/noscript><\/figure>\n\n\n\n<figure class=\"wp-block-image size-large is-style-default\"><img decoding=\"async\" data-id=\"5739\" src=\"data:image\/gif;base64,R0lGODlhAQABAIAAAAAAAP\/\/\/yH5BAEAAAAALAAAAAABAAEAAAIBRAA7\" data-src=\"https:\/\/eyemaozi.org\/wp-content\/uploads\/2023\/08\/273008720_4751885901526728_3244020201871839821_n.jpg\" alt=\"\" class=\"wp-image-5739 lazyload\"\/><noscript><img decoding=\"async\" width=\"960\" height=\"667\" data-id=\"5739\" src=\"https:\/\/eyemaozi.org\/wp-content\/uploads\/2023\/08\/273008720_4751885901526728_3244020201871839821_n.jpg\" alt=\"\" class=\"wp-image-5739 lazyload\" srcset=\"https:\/\/eyemaozi.org\/wp-content\/uploads\/2023\/08\/273008720_4751885901526728_3244020201871839821_n.jpg 960w, https:\/\/eyemaozi.org\/wp-content\/uploads\/2023\/08\/273008720_4751885901526728_3244020201871839821_n-300x208.jpg 300w, https:\/\/eyemaozi.org\/wp-content\/uploads\/2023\/08\/273008720_4751885901526728_3244020201871839821_n-768x534.jpg 768w, https:\/\/eyemaozi.org\/wp-content\/uploads\/2023\/08\/273008720_4751885901526728_3244020201871839821_n-18x12.jpg 18w, https:\/\/eyemaozi.org\/wp-content\/uploads\/2023\/08\/273008720_4751885901526728_3244020201871839821_n-600x417.jpg 600w\" sizes=\"(max-width: 960px) 100vw, 960px\" \/><\/noscript><\/figure>\n\n\n\n<figure class=\"wp-block-image size-large is-style-default\"><img decoding=\"async\" data-id=\"5744\" src=\"data:image\/gif;base64,R0lGODlhAQABAIAAAAAAAP\/\/\/yH5BAEAAAAALAAAAAABAAEAAAIBRAA7\" data-src=\"https:\/\/eyemaozi.org\/wp-content\/uploads\/2023\/08\/272921082_7394939760524052_137807897382447401_n.jpg\" alt=\"\" class=\"wp-image-5744 lazyload\"\/><noscript><img decoding=\"async\" width=\"667\" height=\"960\" data-id=\"5744\" src=\"https:\/\/eyemaozi.org\/wp-content\/uploads\/2023\/08\/272921082_7394939760524052_137807897382447401_n.jpg\" alt=\"\" class=\"wp-image-5744 lazyload\" srcset=\"https:\/\/eyemaozi.org\/wp-content\/uploads\/2023\/08\/272921082_7394939760524052_137807897382447401_n.jpg 667w, https:\/\/eyemaozi.org\/wp-content\/uploads\/2023\/08\/272921082_7394939760524052_137807897382447401_n-208x300.jpg 208w, https:\/\/eyemaozi.org\/wp-content\/uploads\/2023\/08\/272921082_7394939760524052_137807897382447401_n-8x12.jpg 8w, https:\/\/eyemaozi.org\/wp-content\/uploads\/2023\/08\/272921082_7394939760524052_137807897382447401_n-600x864.jpg 600w\" sizes=\"(max-width: 667px) 100vw, 667px\" \/><\/noscript><\/figure>\n\n\n\n<figure class=\"wp-block-image size-large is-style-default\"><img decoding=\"async\" data-id=\"5743\" src=\"data:image\/gif;base64,R0lGODlhAQABAIAAAAAAAP\/\/\/yH5BAEAAAAALAAAAAABAAEAAAIBRAA7\" data-src=\"https:\/\/eyemaozi.org\/wp-content\/uploads\/2023\/08\/272962729_4795126847246134_6844123108731172261_n.jpg\" alt=\"\" class=\"wp-image-5743 lazyload\"\/><noscript><img decoding=\"async\" width=\"960\" height=\"667\" data-id=\"5743\" src=\"https:\/\/eyemaozi.org\/wp-content\/uploads\/2023\/08\/272962729_4795126847246134_6844123108731172261_n.jpg\" alt=\"\" class=\"wp-image-5743 lazyload\" srcset=\"https:\/\/eyemaozi.org\/wp-content\/uploads\/2023\/08\/272962729_4795126847246134_6844123108731172261_n.jpg 960w, https:\/\/eyemaozi.org\/wp-content\/uploads\/2023\/08\/272962729_4795126847246134_6844123108731172261_n-300x208.jpg 300w, https:\/\/eyemaozi.org\/wp-content\/uploads\/2023\/08\/272962729_4795126847246134_6844123108731172261_n-768x534.jpg 768w, https:\/\/eyemaozi.org\/wp-content\/uploads\/2023\/08\/272962729_4795126847246134_6844123108731172261_n-18x12.jpg 18w, https:\/\/eyemaozi.org\/wp-content\/uploads\/2023\/08\/272962729_4795126847246134_6844123108731172261_n-600x417.jpg 600w\" sizes=\"(max-width: 960px) 100vw, 960px\" \/><\/noscript><\/figure>\n\n\n\n<figure class=\"wp-block-image size-large is-style-default\"><img decoding=\"async\" data-id=\"5741\" src=\"data:image\/gif;base64,R0lGODlhAQABAIAAAAAAAP\/\/\/yH5BAEAAAAALAAAAAABAAEAAAIBRAA7\" data-src=\"https:\/\/eyemaozi.org\/wp-content\/uploads\/2023\/08\/273036756_7019466034791914_432590565745443317_n.jpg\" alt=\"\" class=\"wp-image-5741 lazyload\"\/><noscript><img decoding=\"async\" width=\"960\" height=\"667\" data-id=\"5741\" src=\"https:\/\/eyemaozi.org\/wp-content\/uploads\/2023\/08\/273036756_7019466034791914_432590565745443317_n.jpg\" alt=\"\" class=\"wp-image-5741 lazyload\" srcset=\"https:\/\/eyemaozi.org\/wp-content\/uploads\/2023\/08\/273036756_7019466034791914_432590565745443317_n.jpg 960w, https:\/\/eyemaozi.org\/wp-content\/uploads\/2023\/08\/273036756_7019466034791914_432590565745443317_n-300x208.jpg 300w, https:\/\/eyemaozi.org\/wp-content\/uploads\/2023\/08\/273036756_7019466034791914_432590565745443317_n-768x534.jpg 768w, https:\/\/eyemaozi.org\/wp-content\/uploads\/2023\/08\/273036756_7019466034791914_432590565745443317_n-18x12.jpg 18w, https:\/\/eyemaozi.org\/wp-content\/uploads\/2023\/08\/273036756_7019466034791914_432590565745443317_n-600x417.jpg 600w\" sizes=\"(max-width: 960px) 100vw, 960px\" \/><\/noscript><\/figure>\n<\/figure>\n\n\n\n<h4 class=\"wp-block-heading\">Warten auf ein neues Leben.<\/h4>\n\n\n\n<figure class=\"wp-block-gallery has-nested-images columns-2 is-cropped wp-block-gallery-2 is-layout-flex wp-block-gallery-is-layout-flex\">\n<figure class=\"wp-block-image size-large is-style-default\"><img decoding=\"async\" data-id=\"5746\" src=\"data:image\/gif;base64,R0lGODlhAQABAIAAAAAAAP\/\/\/yH5BAEAAAAALAAAAAABAAEAAAIBRAA7\" data-src=\"https:\/\/eyemaozi.org\/wp-content\/uploads\/2023\/08\/20230802_161817-1-1024x650.jpg\" alt=\"\" class=\"wp-image-5746 lazyload\"\/><noscript><img decoding=\"async\" width=\"1024\" height=\"650\" data-id=\"5746\" src=\"https:\/\/eyemaozi.org\/wp-content\/uploads\/2023\/08\/20230802_161817-1-1024x650.jpg\" alt=\"\" class=\"wp-image-5746 lazyload\" srcset=\"https:\/\/eyemaozi.org\/wp-content\/uploads\/2023\/08\/20230802_161817-1-1024x650.jpg 1024w, https:\/\/eyemaozi.org\/wp-content\/uploads\/2023\/08\/20230802_161817-1-300x190.jpg 300w, https:\/\/eyemaozi.org\/wp-content\/uploads\/2023\/08\/20230802_161817-1-768x487.jpg 768w, https:\/\/eyemaozi.org\/wp-content\/uploads\/2023\/08\/20230802_161817-1-1536x975.jpg 1536w, https:\/\/eyemaozi.org\/wp-content\/uploads\/2023\/08\/20230802_161817-1-2048x1300.jpg 2048w, https:\/\/eyemaozi.org\/wp-content\/uploads\/2023\/08\/20230802_161817-1-18x12.jpg 18w, https:\/\/eyemaozi.org\/wp-content\/uploads\/2023\/08\/20230802_161817-1-600x381.jpg 600w\" sizes=\"(max-width: 1024px) 100vw, 1024px\" \/><\/noscript><\/figure>\n\n\n\n<figure class=\"wp-block-image size-large is-style-default\"><img decoding=\"async\" data-id=\"5751\" src=\"data:image\/gif;base64,R0lGODlhAQABAIAAAAAAAP\/\/\/yH5BAEAAAAALAAAAAABAAEAAAIBRAA7\" data-src=\"https:\/\/eyemaozi.org\/wp-content\/uploads\/2023\/08\/20230802_161906-1024x577.jpg\" alt=\"\" class=\"wp-image-5751 lazyload\"\/><noscript><img decoding=\"async\" width=\"1024\" height=\"577\" data-id=\"5751\" src=\"https:\/\/eyemaozi.org\/wp-content\/uploads\/2023\/08\/20230802_161906-1024x577.jpg\" alt=\"\" class=\"wp-image-5751 lazyload\" srcset=\"https:\/\/eyemaozi.org\/wp-content\/uploads\/2023\/08\/20230802_161906-1024x577.jpg 1024w, https:\/\/eyemaozi.org\/wp-content\/uploads\/2023\/08\/20230802_161906-300x169.jpg 300w, https:\/\/eyemaozi.org\/wp-content\/uploads\/2023\/08\/20230802_161906-768x432.jpg 768w, https:\/\/eyemaozi.org\/wp-content\/uploads\/2023\/08\/20230802_161906-1536x865.jpg 1536w, https:\/\/eyemaozi.org\/wp-content\/uploads\/2023\/08\/20230802_161906-2048x1153.jpg 2048w, https:\/\/eyemaozi.org\/wp-content\/uploads\/2023\/08\/20230802_161906-18x10.jpg 18w, https:\/\/eyemaozi.org\/wp-content\/uploads\/2023\/08\/20230802_161906-600x338.jpg 600w\" sizes=\"(max-width: 1024px) 100vw, 1024px\" \/><\/noscript><\/figure>\n\n\n\n<figure class=\"wp-block-image size-large is-style-default\"><img decoding=\"async\" data-id=\"5748\" src=\"data:image\/gif;base64,R0lGODlhAQABAIAAAAAAAP\/\/\/yH5BAEAAAAALAAAAAABAAEAAAIBRAA7\" data-src=\"https:\/\/eyemaozi.org\/wp-content\/uploads\/2023\/08\/20230802_161833-1024x577.jpg\" alt=\"\" class=\"wp-image-5748 lazyload\"\/><noscript><img decoding=\"async\" width=\"1024\" height=\"577\" data-id=\"5748\" src=\"https:\/\/eyemaozi.org\/wp-content\/uploads\/2023\/08\/20230802_161833-1024x577.jpg\" alt=\"\" class=\"wp-image-5748 lazyload\" srcset=\"https:\/\/eyemaozi.org\/wp-content\/uploads\/2023\/08\/20230802_161833-1024x577.jpg 1024w, https:\/\/eyemaozi.org\/wp-content\/uploads\/2023\/08\/20230802_161833-300x169.jpg 300w, https:\/\/eyemaozi.org\/wp-content\/uploads\/2023\/08\/20230802_161833-768x432.jpg 768w, https:\/\/eyemaozi.org\/wp-content\/uploads\/2023\/08\/20230802_161833-1536x865.jpg 1536w, https:\/\/eyemaozi.org\/wp-content\/uploads\/2023\/08\/20230802_161833-2048x1153.jpg 2048w, https:\/\/eyemaozi.org\/wp-content\/uploads\/2023\/08\/20230802_161833-18x10.jpg 18w, https:\/\/eyemaozi.org\/wp-content\/uploads\/2023\/08\/20230802_161833-600x338.jpg 600w\" sizes=\"(max-width: 1024px) 100vw, 1024px\" \/><\/noscript><\/figure>\n\n\n\n<figure class=\"wp-block-image size-large is-style-default\"><img decoding=\"async\" data-id=\"5749\" src=\"data:image\/gif;base64,R0lGODlhAQABAIAAAAAAAP\/\/\/yH5BAEAAAAALAAAAAABAAEAAAIBRAA7\" data-src=\"https:\/\/eyemaozi.org\/wp-content\/uploads\/2023\/08\/20230802_161841-577x1024.jpg\" alt=\"\" class=\"wp-image-5749 lazyload\"\/><noscript><img decoding=\"async\" width=\"577\" height=\"1024\" data-id=\"5749\" src=\"https:\/\/eyemaozi.org\/wp-content\/uploads\/2023\/08\/20230802_161841-577x1024.jpg\" alt=\"\" class=\"wp-image-5749 lazyload\" srcset=\"https:\/\/eyemaozi.org\/wp-content\/uploads\/2023\/08\/20230802_161841-577x1024.jpg 577w, https:\/\/eyemaozi.org\/wp-content\/uploads\/2023\/08\/20230802_161841-169x300.jpg 169w, https:\/\/eyemaozi.org\/wp-content\/uploads\/2023\/08\/20230802_161841-768x1364.jpg 768w, https:\/\/eyemaozi.org\/wp-content\/uploads\/2023\/08\/20230802_161841-865x1536.jpg 865w, https:\/\/eyemaozi.org\/wp-content\/uploads\/2023\/08\/20230802_161841-1153x2048.jpg 1153w, https:\/\/eyemaozi.org\/wp-content\/uploads\/2023\/08\/20230802_161841-7x12.jpg 7w, https:\/\/eyemaozi.org\/wp-content\/uploads\/2023\/08\/20230802_161841-600x1066.jpg 600w, https:\/\/eyemaozi.org\/wp-content\/uploads\/2023\/08\/20230802_161841-scaled.jpg 1441w\" sizes=\"(max-width: 577px) 100vw, 577px\" \/><\/noscript><\/figure>\n\n\n\n<figure class=\"wp-block-image size-large is-style-default\"><img decoding=\"async\" data-id=\"5750\" src=\"data:image\/gif;base64,R0lGODlhAQABAIAAAAAAAP\/\/\/yH5BAEAAAAALAAAAAABAAEAAAIBRAA7\" data-src=\"https:\/\/eyemaozi.org\/wp-content\/uploads\/2023\/08\/20230802_161846-1024x438.jpg\" alt=\"\" class=\"wp-image-5750 lazyload\"\/><noscript><img decoding=\"async\" width=\"1024\" height=\"438\" data-id=\"5750\" src=\"https:\/\/eyemaozi.org\/wp-content\/uploads\/2023\/08\/20230802_161846-1024x438.jpg\" alt=\"\" class=\"wp-image-5750 lazyload\" srcset=\"https:\/\/eyemaozi.org\/wp-content\/uploads\/2023\/08\/20230802_161846-1024x438.jpg 1024w, https:\/\/eyemaozi.org\/wp-content\/uploads\/2023\/08\/20230802_161846-300x128.jpg 300w, https:\/\/eyemaozi.org\/wp-content\/uploads\/2023\/08\/20230802_161846-768x328.jpg 768w, https:\/\/eyemaozi.org\/wp-content\/uploads\/2023\/08\/20230802_161846-1536x656.jpg 1536w, https:\/\/eyemaozi.org\/wp-content\/uploads\/2023\/08\/20230802_161846-2048x875.jpg 2048w, https:\/\/eyemaozi.org\/wp-content\/uploads\/2023\/08\/20230802_161846-18x8.jpg 18w, https:\/\/eyemaozi.org\/wp-content\/uploads\/2023\/08\/20230802_161846-600x256.jpg 600w\" sizes=\"(max-width: 1024px) 100vw, 1024px\" \/><\/noscript><\/figure>\n\n\n\n<figure class=\"wp-block-image size-large is-style-default\"><img decoding=\"async\" data-id=\"5752\" src=\"data:image\/gif;base64,R0lGODlhAQABAIAAAAAAAP\/\/\/yH5BAEAAAAALAAAAAABAAEAAAIBRAA7\" data-src=\"https:\/\/eyemaozi.org\/wp-content\/uploads\/2023\/08\/20230802_161938-1024x577.jpg\" alt=\"\" class=\"wp-image-5752 lazyload\"\/><noscript><img decoding=\"async\" width=\"1024\" height=\"577\" data-id=\"5752\" src=\"https:\/\/eyemaozi.org\/wp-content\/uploads\/2023\/08\/20230802_161938-1024x577.jpg\" alt=\"\" class=\"wp-image-5752 lazyload\" srcset=\"https:\/\/eyemaozi.org\/wp-content\/uploads\/2023\/08\/20230802_161938-1024x577.jpg 1024w, https:\/\/eyemaozi.org\/wp-content\/uploads\/2023\/08\/20230802_161938-300x169.jpg 300w, https:\/\/eyemaozi.org\/wp-content\/uploads\/2023\/08\/20230802_161938-768x432.jpg 768w, https:\/\/eyemaozi.org\/wp-content\/uploads\/2023\/08\/20230802_161938-1536x865.jpg 1536w, https:\/\/eyemaozi.org\/wp-content\/uploads\/2023\/08\/20230802_161938-2048x1153.jpg 2048w, https:\/\/eyemaozi.org\/wp-content\/uploads\/2023\/08\/20230802_161938-18x10.jpg 18w, https:\/\/eyemaozi.org\/wp-content\/uploads\/2023\/08\/20230802_161938-600x338.jpg 600w\" sizes=\"(max-width: 1024px) 100vw, 1024px\" \/><\/noscript><\/figure>\n\n\n\n<figure class=\"wp-block-image size-large is-style-default\"><img decoding=\"async\" data-id=\"5747\" src=\"data:image\/gif;base64,R0lGODlhAQABAIAAAAAAAP\/\/\/yH5BAEAAAAALAAAAAABAAEAAAIBRAA7\" data-src=\"https:\/\/eyemaozi.org\/wp-content\/uploads\/2023\/08\/20230802_161826-1024x763.jpg\" alt=\"\" class=\"wp-image-5747 lazyload\"\/><noscript><img decoding=\"async\" width=\"1024\" height=\"763\" data-id=\"5747\" src=\"https:\/\/eyemaozi.org\/wp-content\/uploads\/2023\/08\/20230802_161826-1024x763.jpg\" alt=\"\" class=\"wp-image-5747 lazyload\" srcset=\"https:\/\/eyemaozi.org\/wp-content\/uploads\/2023\/08\/20230802_161826-1024x763.jpg 1024w, https:\/\/eyemaozi.org\/wp-content\/uploads\/2023\/08\/20230802_161826-300x224.jpg 300w, https:\/\/eyemaozi.org\/wp-content\/uploads\/2023\/08\/20230802_161826-768x572.jpg 768w, https:\/\/eyemaozi.org\/wp-content\/uploads\/2023\/08\/20230802_161826-1536x1144.jpg 1536w, https:\/\/eyemaozi.org\/wp-content\/uploads\/2023\/08\/20230802_161826-2048x1526.jpg 2048w, https:\/\/eyemaozi.org\/wp-content\/uploads\/2023\/08\/20230802_161826-16x12.jpg 16w, https:\/\/eyemaozi.org\/wp-content\/uploads\/2023\/08\/20230802_161826-600x447.jpg 600w\" sizes=\"(max-width: 1024px) 100vw, 1024px\" \/><\/noscript><\/figure>\n<\/figure>","protected":false},"excerpt":{"rendered":"<p>Industrial straight stitch. EH154893 &#8211; March 5th, 1952 This machine was offered for free just down the road in 2022. The original owner who was a seamstress had passed away and her daughters were desperate to clear out the house. Unfortunately, I don&#8217;t have a lot of room at the moment for industrial machines, but&hellip;&nbsp;<a href=\"https:\/\/eyemaozi.org\/de\/singer-96k49\/\" class=\"\" rel=\"bookmark\">Weiterlesen &raquo;<span class=\"screen-reader-text\">Singer 96K49<\/span><\/a><\/p>","protected":false},"author":1,"featured_media":0,"parent":0,"menu_order":0,"comment_status":"open","ping_status":"closed","template":"","meta":{"om_disable_all_campaigns":false,"_monsterinsights_skip_tracking":false,"_monsterinsights_sitenote_active":false,"_monsterinsights_sitenote_note":"","_monsterinsights_sitenote_category":0,"_uf_show_specific_survey":0,"_uf_disable_surveys":false,"neve_meta_sidebar":"","neve_meta_container":"","neve_meta_enable_content_width":"","neve_meta_content_width":0,"neve_meta_title_alignment":"","neve_meta_author_avatar":"","neve_post_elements_order":"","neve_meta_disable_header":"","neve_meta_disable_footer":"","neve_meta_disable_title":"","_themeisle_gutenberg_block_has_review":false,"footnotes":""},"class_list":["post-5736","page","type-page","status-publish","hentry"],"aioseo_notices":[],"_links":{"self":[{"href":"https:\/\/eyemaozi.org\/de\/wp-json\/wp\/v2\/pages\/5736","targetHints":{"allow":["GET"]}}],"collection":[{"href":"https:\/\/eyemaozi.org\/de\/wp-json\/wp\/v2\/pages"}],"about":[{"href":"https:\/\/eyemaozi.org\/de\/wp-json\/wp\/v2\/types\/page"}],"author":[{"embeddable":true,"href":"https:\/\/eyemaozi.org\/de\/wp-json\/wp\/v2\/users\/1"}],"replies":[{"embeddable":true,"href":"https:\/\/eyemaozi.org\/de\/wp-json\/wp\/v2\/comments?post=5736"}],"version-history":[{"count":0,"href":"https:\/\/eyemaozi.org\/de\/wp-json\/wp\/v2\/pages\/5736\/revisions"}],"wp:attachment":[{"href":"https:\/\/eyemaozi.org\/de\/wp-json\/wp\/v2\/media?parent=5736"}],"curies":[{"name":"wp","href":"https:\/\/api.w.org\/{rel}","templated":true}]}}