{"id":4118,"date":"2023-02-28T20:05:52","date_gmt":"2023-02-28T09:05:52","guid":{"rendered":"https:\/\/eyemaozi.org\/?page_id=4118"},"modified":"2023-07-11T08:17:11","modified_gmt":"2023-07-10T22:17:11","slug":"anker-phoenix-gloria","status":"publish","type":"page","link":"https:\/\/eyemaozi.org\/en\/anker-phoenix-gloria\/","title":{"rendered":"Anker Phoenix Gloria"},"content":{"rendered":"\n<div class=\"wp-block-columns is-layout-flex wp-container-core-columns-is-layout-9d6595d7 wp-block-columns-is-layout-flex\">\n<div class=\"wp-block-column is-layout-flow wp-block-column-is-layout-flow\">\n<h2 class=\"wp-block-heading\"> Portable straight stitch<\/h2>\n\n\n\n<p>1960s<\/p>\n\n\n\n<p>Aluminum body.<\/p>\n\n\n\n<p><strong>Anker-Phoenix A.G. Bielefeld<\/strong><\/p>\n<\/div>\n\n\n\n<div class=\"wp-block-column is-layout-flow wp-block-column-is-layout-flow\">\n<figure class=\"wp-block-image size-large is-style-default\"><img decoding=\"async\" src=\"data:image\/gif;base64,R0lGODlhAQABAIAAAAAAAP\/\/\/yH5BAEAAAAALAAAAAABAAEAAAIBRAA7\" data-src=\"https:\/\/eyemaozi.org\/wp-content\/uploads\/2023\/02\/20230228_175531-1024x668.jpg\" alt=\"\" class=\"wp-image-4120 lazyload\"\/><noscript><img decoding=\"async\" width=\"1024\" height=\"668\" src=\"https:\/\/eyemaozi.org\/wp-content\/uploads\/2023\/02\/20230228_175531-1024x668.jpg\" alt=\"\" class=\"wp-image-4120 lazyload\" srcset=\"https:\/\/eyemaozi.org\/wp-content\/uploads\/2023\/02\/20230228_175531-1024x668.jpg 1024w, https:\/\/eyemaozi.org\/wp-content\/uploads\/2023\/02\/20230228_175531-300x196.jpg 300w, https:\/\/eyemaozi.org\/wp-content\/uploads\/2023\/02\/20230228_175531-768x501.jpg 768w, https:\/\/eyemaozi.org\/wp-content\/uploads\/2023\/02\/20230228_175531-1536x1002.jpg 1536w, https:\/\/eyemaozi.org\/wp-content\/uploads\/2023\/02\/20230228_175531-2048x1336.jpg 2048w, https:\/\/eyemaozi.org\/wp-content\/uploads\/2023\/02\/20230228_175531-18x12.jpg 18w, https:\/\/eyemaozi.org\/wp-content\/uploads\/2023\/02\/20230228_175531-600x391.jpg 600w\" sizes=\"(max-width: 1024px) 100vw, 1024px\" \/><\/noscript><\/figure>\n<\/div>\n<\/div>\n\n\n\n<p>According to the <a href=\"https:\/\/www.fiddlebase.com\/german-machines\/anker-werke-a-g\/\" title=\"\">Fiddlebase<\/a> website the Anker history in the 1950s and 60s was&#8230;.<\/p>\n\n\n\n<p>In&nbsp;<strong>1958<\/strong>&nbsp;a subsidiary company was formed called&nbsp;<strong>Anker N\u00e4hmaschinen A.G.<\/strong><\/p>\n\n\n\n<p>In&nbsp;<strong>1959<\/strong>&nbsp;Anker-N\u00e4hmaschinen AG merged with&nbsp;<strong>Phoenix-N\u00e4hmaschinen A.G.<\/strong><\/p>\n\n\n\n<h4 class=\"wp-block-heading\">History and how this machine came to me.<\/h4>\n\n\n\n<p>This machine is much later than my<a href=\"https:\/\/eyemaozi.org\/anker-rz\/\" title=\"Anker RZ\"> Anker RZ<\/a> and my <a href=\"https:\/\/eyemaozi.org\/phoenix\/\" title=\"Phoenix 283\">Phoenix 283<\/a>, it carries some traits from both factories. It is also smaller, light weight, mostly aluminum. It has at least one plastic gear, so not something I would normally collect, however&#8230;. It is unusual and not easily found in Australia, so when I saw it for sale and going cheap, I thought I&#8217;d give it a go. I had also recently seen a youtube put up by Wayne and Judi at Sew What Maryborough on this exact same machine and theirs looked pristine. <a href=\"https:\/\/www.youtube.com\/watch?v=LMgNf0Yie0E\" title=\"\">That youtube you can see here.<\/a> Mine turned out to be far from pristine, but I knew that before I committed to buying it.<\/p>\n\n\n\n<h4 class=\"wp-block-heading\">Condition.<\/h4>\n\n\n\n<p>Like a couple of my rescue machines, this one I have been unable to produce a stitch. It was seized and I rectified that, but now it won&#8217;t take up the thread from the bobbin. It may be a simple fix, but for now it is another in my too hard basket. A beautiful little machine and Gloria can go back and slumber in her little beat-up case. One day when I retire, or someone else finds her, maybe she will come back to her glory. Good news is her motor runs, her light works, and she is no longer seized. She came with no accessories, so she may even be a good candidate as a donor machine.<\/p>\n\n\n\n<p><a href=\"https:\/\/drive.google.com\/file\/d\/1Qux_QAgsbiztOZvmh0A5cYYJkOb-tPQi\/view?usp=share_link\" title=\"\">Go here, to download a free pdf version of the manual (in German) for this machine, the Anker Gloria.<\/a> I don&#8217;t have a copy in English.<\/p>\n\n\n\n<figure class=\"wp-block-gallery has-nested-images columns-2 is-cropped wp-block-gallery-1 is-layout-flex wp-block-gallery-is-layout-flex\">\n<figure class=\"wp-block-image size-large\"><img decoding=\"async\" data-id=\"4122\" src=\"data:image\/gif;base64,R0lGODlhAQABAIAAAAAAAP\/\/\/yH5BAEAAAAALAAAAAABAAEAAAIBRAA7\" data-src=\"https:\/\/eyemaozi.org\/wp-content\/uploads\/2023\/02\/20230228_175621-1024x651.jpg\" alt=\"\" class=\"wp-image-4122 lazyload\"\/><noscript><img decoding=\"async\" width=\"1024\" height=\"651\" data-id=\"4122\" src=\"https:\/\/eyemaozi.org\/wp-content\/uploads\/2023\/02\/20230228_175621-1024x651.jpg\" alt=\"\" class=\"wp-image-4122 lazyload\" srcset=\"https:\/\/eyemaozi.org\/wp-content\/uploads\/2023\/02\/20230228_175621-1024x651.jpg 1024w, https:\/\/eyemaozi.org\/wp-content\/uploads\/2023\/02\/20230228_175621-300x191.jpg 300w, https:\/\/eyemaozi.org\/wp-content\/uploads\/2023\/02\/20230228_175621-768x488.jpg 768w, https:\/\/eyemaozi.org\/wp-content\/uploads\/2023\/02\/20230228_175621-1536x977.jpg 1536w, https:\/\/eyemaozi.org\/wp-content\/uploads\/2023\/02\/20230228_175621-2048x1303.jpg 2048w, https:\/\/eyemaozi.org\/wp-content\/uploads\/2023\/02\/20230228_175621-18x12.jpg 18w, https:\/\/eyemaozi.org\/wp-content\/uploads\/2023\/02\/20230228_175621-600x382.jpg 600w\" sizes=\"(max-width: 1024px) 100vw, 1024px\" \/><\/noscript><\/figure>\n\n\n\n<figure class=\"wp-block-image size-large\"><img decoding=\"async\" data-id=\"4119\" src=\"data:image\/gif;base64,R0lGODlhAQABAIAAAAAAAP\/\/\/yH5BAEAAAAALAAAAAABAAEAAAIBRAA7\" data-src=\"https:\/\/eyemaozi.org\/wp-content\/uploads\/2023\/02\/20230228_175231-1024x681.jpg\" alt=\"\" class=\"wp-image-4119 lazyload\"\/><noscript><img decoding=\"async\" width=\"1024\" height=\"681\" data-id=\"4119\" src=\"https:\/\/eyemaozi.org\/wp-content\/uploads\/2023\/02\/20230228_175231-1024x681.jpg\" alt=\"\" class=\"wp-image-4119 lazyload\" srcset=\"https:\/\/eyemaozi.org\/wp-content\/uploads\/2023\/02\/20230228_175231-1024x681.jpg 1024w, https:\/\/eyemaozi.org\/wp-content\/uploads\/2023\/02\/20230228_175231-300x199.jpg 300w, https:\/\/eyemaozi.org\/wp-content\/uploads\/2023\/02\/20230228_175231-768x511.jpg 768w, https:\/\/eyemaozi.org\/wp-content\/uploads\/2023\/02\/20230228_175231-1536x1021.jpg 1536w, https:\/\/eyemaozi.org\/wp-content\/uploads\/2023\/02\/20230228_175231-2048x1362.jpg 2048w, https:\/\/eyemaozi.org\/wp-content\/uploads\/2023\/02\/20230228_175231-18x12.jpg 18w, https:\/\/eyemaozi.org\/wp-content\/uploads\/2023\/02\/20230228_175231-600x399.jpg 600w\" sizes=\"(max-width: 1024px) 100vw, 1024px\" \/><\/noscript><\/figure>\n\n\n\n<figure class=\"wp-block-image size-large\"><img decoding=\"async\" data-id=\"4121\" src=\"data:image\/gif;base64,R0lGODlhAQABAIAAAAAAAP\/\/\/yH5BAEAAAAALAAAAAABAAEAAAIBRAA7\" data-src=\"https:\/\/eyemaozi.org\/wp-content\/uploads\/2023\/02\/20230228_175552-762x1024.jpg\" alt=\"\" class=\"wp-image-4121 lazyload\"\/><noscript><img decoding=\"async\" width=\"762\" height=\"1024\" data-id=\"4121\" src=\"https:\/\/eyemaozi.org\/wp-content\/uploads\/2023\/02\/20230228_175552-762x1024.jpg\" alt=\"\" class=\"wp-image-4121 lazyload\" srcset=\"https:\/\/eyemaozi.org\/wp-content\/uploads\/2023\/02\/20230228_175552-762x1024.jpg 762w, https:\/\/eyemaozi.org\/wp-content\/uploads\/2023\/02\/20230228_175552-223x300.jpg 223w, https:\/\/eyemaozi.org\/wp-content\/uploads\/2023\/02\/20230228_175552-768x1033.jpg 768w, https:\/\/eyemaozi.org\/wp-content\/uploads\/2023\/02\/20230228_175552-1142x1536.jpg 1142w, https:\/\/eyemaozi.org\/wp-content\/uploads\/2023\/02\/20230228_175552-1523x2048.jpg 1523w, https:\/\/eyemaozi.org\/wp-content\/uploads\/2023\/02\/20230228_175552-9x12.jpg 9w, https:\/\/eyemaozi.org\/wp-content\/uploads\/2023\/02\/20230228_175552-600x807.jpg 600w, https:\/\/eyemaozi.org\/wp-content\/uploads\/2023\/02\/20230228_175552.jpg 1628w\" sizes=\"(max-width: 762px) 100vw, 762px\" \/><\/noscript><\/figure>\n\n\n\n<figure class=\"wp-block-image size-large\"><img decoding=\"async\" data-id=\"4125\" src=\"data:image\/gif;base64,R0lGODlhAQABAIAAAAAAAP\/\/\/yH5BAEAAAAALAAAAAABAAEAAAIBRAA7\" data-src=\"https:\/\/eyemaozi.org\/wp-content\/uploads\/2023\/02\/20230228_175651-787x1024.jpg\" alt=\"\" class=\"wp-image-4125 lazyload\"\/><noscript><img decoding=\"async\" width=\"787\" height=\"1024\" data-id=\"4125\" src=\"https:\/\/eyemaozi.org\/wp-content\/uploads\/2023\/02\/20230228_175651-787x1024.jpg\" alt=\"\" class=\"wp-image-4125 lazyload\" srcset=\"https:\/\/eyemaozi.org\/wp-content\/uploads\/2023\/02\/20230228_175651-787x1024.jpg 787w, https:\/\/eyemaozi.org\/wp-content\/uploads\/2023\/02\/20230228_175651-231x300.jpg 231w, https:\/\/eyemaozi.org\/wp-content\/uploads\/2023\/02\/20230228_175651-768x999.jpg 768w, https:\/\/eyemaozi.org\/wp-content\/uploads\/2023\/02\/20230228_175651-1181x1536.jpg 1181w, https:\/\/eyemaozi.org\/wp-content\/uploads\/2023\/02\/20230228_175651-1574x2048.jpg 1574w, https:\/\/eyemaozi.org\/wp-content\/uploads\/2023\/02\/20230228_175651-9x12.jpg 9w, https:\/\/eyemaozi.org\/wp-content\/uploads\/2023\/02\/20230228_175651-600x781.jpg 600w, https:\/\/eyemaozi.org\/wp-content\/uploads\/2023\/02\/20230228_175651.jpg 1701w\" sizes=\"(max-width: 787px) 100vw, 787px\" \/><\/noscript><\/figure>\n\n\n\n<figure class=\"wp-block-image size-large\"><img decoding=\"async\" data-id=\"4123\" src=\"data:image\/gif;base64,R0lGODlhAQABAIAAAAAAAP\/\/\/yH5BAEAAAAALAAAAAABAAEAAAIBRAA7\" data-src=\"https:\/\/eyemaozi.org\/wp-content\/uploads\/2023\/02\/20230228_175633-1024x745.jpg\" alt=\"\" class=\"wp-image-4123 lazyload\"\/><noscript><img decoding=\"async\" width=\"1024\" height=\"745\" data-id=\"4123\" src=\"https:\/\/eyemaozi.org\/wp-content\/uploads\/2023\/02\/20230228_175633-1024x745.jpg\" alt=\"\" class=\"wp-image-4123 lazyload\" srcset=\"https:\/\/eyemaozi.org\/wp-content\/uploads\/2023\/02\/20230228_175633-1024x745.jpg 1024w, https:\/\/eyemaozi.org\/wp-content\/uploads\/2023\/02\/20230228_175633-300x218.jpg 300w, https:\/\/eyemaozi.org\/wp-content\/uploads\/2023\/02\/20230228_175633-768x559.jpg 768w, https:\/\/eyemaozi.org\/wp-content\/uploads\/2023\/02\/20230228_175633-1536x1117.jpg 1536w, https:\/\/eyemaozi.org\/wp-content\/uploads\/2023\/02\/20230228_175633-2048x1490.jpg 2048w, https:\/\/eyemaozi.org\/wp-content\/uploads\/2023\/02\/20230228_175633-16x12.jpg 16w, https:\/\/eyemaozi.org\/wp-content\/uploads\/2023\/02\/20230228_175633-600x436.jpg 600w\" sizes=\"(max-width: 1024px) 100vw, 1024px\" \/><\/noscript><\/figure>\n\n\n\n<figure class=\"wp-block-image size-large\"><img decoding=\"async\" data-id=\"4124\" src=\"data:image\/gif;base64,R0lGODlhAQABAIAAAAAAAP\/\/\/yH5BAEAAAAALAAAAAABAAEAAAIBRAA7\" data-src=\"https:\/\/eyemaozi.org\/wp-content\/uploads\/2023\/02\/20230228_175724-1024x577.jpg\" alt=\"\" class=\"wp-image-4124 lazyload\"\/><noscript><img decoding=\"async\" width=\"1024\" height=\"577\" data-id=\"4124\" src=\"https:\/\/eyemaozi.org\/wp-content\/uploads\/2023\/02\/20230228_175724-1024x577.jpg\" alt=\"\" class=\"wp-image-4124 lazyload\" srcset=\"https:\/\/eyemaozi.org\/wp-content\/uploads\/2023\/02\/20230228_175724-1024x577.jpg 1024w, https:\/\/eyemaozi.org\/wp-content\/uploads\/2023\/02\/20230228_175724-300x169.jpg 300w, https:\/\/eyemaozi.org\/wp-content\/uploads\/2023\/02\/20230228_175724-768x432.jpg 768w, https:\/\/eyemaozi.org\/wp-content\/uploads\/2023\/02\/20230228_175724-1536x865.jpg 1536w, https:\/\/eyemaozi.org\/wp-content\/uploads\/2023\/02\/20230228_175724-2048x1153.jpg 2048w, https:\/\/eyemaozi.org\/wp-content\/uploads\/2023\/02\/20230228_175724-18x10.jpg 18w, https:\/\/eyemaozi.org\/wp-content\/uploads\/2023\/02\/20230228_175724-600x338.jpg 600w\" sizes=\"(max-width: 1024px) 100vw, 1024px\" \/><\/noscript><\/figure>\n\n\n\n<figure class=\"wp-block-image size-large\"><img decoding=\"async\" data-id=\"4126\" src=\"data:image\/gif;base64,R0lGODlhAQABAIAAAAAAAP\/\/\/yH5BAEAAAAALAAAAAABAAEAAAIBRAA7\" data-src=\"https:\/\/eyemaozi.org\/wp-content\/uploads\/2023\/02\/20230228_175731-1024x577.jpg\" alt=\"\" class=\"wp-image-4126 lazyload\"\/><noscript><img decoding=\"async\" width=\"1024\" height=\"577\" data-id=\"4126\" src=\"https:\/\/eyemaozi.org\/wp-content\/uploads\/2023\/02\/20230228_175731-1024x577.jpg\" alt=\"\" class=\"wp-image-4126 lazyload\" srcset=\"https:\/\/eyemaozi.org\/wp-content\/uploads\/2023\/02\/20230228_175731-1024x577.jpg 1024w, https:\/\/eyemaozi.org\/wp-content\/uploads\/2023\/02\/20230228_175731-300x169.jpg 300w, https:\/\/eyemaozi.org\/wp-content\/uploads\/2023\/02\/20230228_175731-768x432.jpg 768w, https:\/\/eyemaozi.org\/wp-content\/uploads\/2023\/02\/20230228_175731-1536x865.jpg 1536w, https:\/\/eyemaozi.org\/wp-content\/uploads\/2023\/02\/20230228_175731-2048x1153.jpg 2048w, https:\/\/eyemaozi.org\/wp-content\/uploads\/2023\/02\/20230228_175731-18x10.jpg 18w, https:\/\/eyemaozi.org\/wp-content\/uploads\/2023\/02\/20230228_175731-600x338.jpg 600w\" sizes=\"(max-width: 1024px) 100vw, 1024px\" \/><\/noscript><\/figure>\n\n\n\n<figure class=\"wp-block-image size-large\"><img decoding=\"async\" data-id=\"4128\" src=\"data:image\/gif;base64,R0lGODlhAQABAIAAAAAAAP\/\/\/yH5BAEAAAAALAAAAAABAAEAAAIBRAA7\" data-src=\"https:\/\/eyemaozi.org\/wp-content\/uploads\/2023\/02\/20230228_175800-577x1024.jpg\" alt=\"\" class=\"wp-image-4128 lazyload\"\/><noscript><img decoding=\"async\" width=\"577\" height=\"1024\" data-id=\"4128\" src=\"https:\/\/eyemaozi.org\/wp-content\/uploads\/2023\/02\/20230228_175800-577x1024.jpg\" alt=\"\" class=\"wp-image-4128 lazyload\" srcset=\"https:\/\/eyemaozi.org\/wp-content\/uploads\/2023\/02\/20230228_175800-577x1024.jpg 577w, https:\/\/eyemaozi.org\/wp-content\/uploads\/2023\/02\/20230228_175800-169x300.jpg 169w, https:\/\/eyemaozi.org\/wp-content\/uploads\/2023\/02\/20230228_175800-768x1364.jpg 768w, https:\/\/eyemaozi.org\/wp-content\/uploads\/2023\/02\/20230228_175800-865x1536.jpg 865w, https:\/\/eyemaozi.org\/wp-content\/uploads\/2023\/02\/20230228_175800-1153x2048.jpg 1153w, https:\/\/eyemaozi.org\/wp-content\/uploads\/2023\/02\/20230228_175800-7x12.jpg 7w, https:\/\/eyemaozi.org\/wp-content\/uploads\/2023\/02\/20230228_175800-600x1066.jpg 600w, https:\/\/eyemaozi.org\/wp-content\/uploads\/2023\/02\/20230228_175800-scaled.jpg 1441w\" sizes=\"(max-width: 577px) 100vw, 577px\" \/><\/noscript><\/figure>\n\n\n\n<figure class=\"wp-block-image size-large\"><img decoding=\"async\" data-id=\"4130\" src=\"data:image\/gif;base64,R0lGODlhAQABAIAAAAAAAP\/\/\/yH5BAEAAAAALAAAAAABAAEAAAIBRAA7\" data-src=\"https:\/\/eyemaozi.org\/wp-content\/uploads\/2023\/02\/20230228_175858-577x1024.jpg\" alt=\"\" class=\"wp-image-4130 lazyload\"\/><noscript><img decoding=\"async\" width=\"577\" height=\"1024\" data-id=\"4130\" src=\"https:\/\/eyemaozi.org\/wp-content\/uploads\/2023\/02\/20230228_175858-577x1024.jpg\" alt=\"\" class=\"wp-image-4130 lazyload\" srcset=\"https:\/\/eyemaozi.org\/wp-content\/uploads\/2023\/02\/20230228_175858-577x1024.jpg 577w, https:\/\/eyemaozi.org\/wp-content\/uploads\/2023\/02\/20230228_175858-169x300.jpg 169w, https:\/\/eyemaozi.org\/wp-content\/uploads\/2023\/02\/20230228_175858-768x1364.jpg 768w, https:\/\/eyemaozi.org\/wp-content\/uploads\/2023\/02\/20230228_175858-865x1536.jpg 865w, https:\/\/eyemaozi.org\/wp-content\/uploads\/2023\/02\/20230228_175858-1153x2048.jpg 1153w, https:\/\/eyemaozi.org\/wp-content\/uploads\/2023\/02\/20230228_175858-7x12.jpg 7w, https:\/\/eyemaozi.org\/wp-content\/uploads\/2023\/02\/20230228_175858-600x1066.jpg 600w, https:\/\/eyemaozi.org\/wp-content\/uploads\/2023\/02\/20230228_175858-scaled.jpg 1441w\" sizes=\"(max-width: 577px) 100vw, 577px\" \/><\/noscript><\/figure>\n\n\n\n<figure class=\"wp-block-image size-large\"><img decoding=\"async\" data-id=\"4131\" src=\"data:image\/gif;base64,R0lGODlhAQABAIAAAAAAAP\/\/\/yH5BAEAAAAALAAAAAABAAEAAAIBRAA7\" data-src=\"https:\/\/eyemaozi.org\/wp-content\/uploads\/2023\/02\/20230228_175920-577x1024.jpg\" alt=\"\" class=\"wp-image-4131 lazyload\"\/><noscript><img decoding=\"async\" width=\"577\" height=\"1024\" data-id=\"4131\" src=\"https:\/\/eyemaozi.org\/wp-content\/uploads\/2023\/02\/20230228_175920-577x1024.jpg\" alt=\"\" class=\"wp-image-4131 lazyload\" srcset=\"https:\/\/eyemaozi.org\/wp-content\/uploads\/2023\/02\/20230228_175920-577x1024.jpg 577w, https:\/\/eyemaozi.org\/wp-content\/uploads\/2023\/02\/20230228_175920-169x300.jpg 169w, https:\/\/eyemaozi.org\/wp-content\/uploads\/2023\/02\/20230228_175920-768x1364.jpg 768w, https:\/\/eyemaozi.org\/wp-content\/uploads\/2023\/02\/20230228_175920-865x1536.jpg 865w, https:\/\/eyemaozi.org\/wp-content\/uploads\/2023\/02\/20230228_175920-1153x2048.jpg 1153w, https:\/\/eyemaozi.org\/wp-content\/uploads\/2023\/02\/20230228_175920-7x12.jpg 7w, https:\/\/eyemaozi.org\/wp-content\/uploads\/2023\/02\/20230228_175920-600x1066.jpg 600w, https:\/\/eyemaozi.org\/wp-content\/uploads\/2023\/02\/20230228_175920-scaled.jpg 1441w\" sizes=\"(max-width: 577px) 100vw, 577px\" \/><\/noscript><\/figure>\n\n\n\n<figure class=\"wp-block-image size-large is-style-default\"><img decoding=\"async\" data-id=\"4230\" src=\"data:image\/gif;base64,R0lGODlhAQABAIAAAAAAAP\/\/\/yH5BAEAAAAALAAAAAABAAEAAAIBRAA7\" data-src=\"https:\/\/eyemaozi.org\/wp-content\/uploads\/2023\/04\/20230228_180202-1024x577.jpg\" alt=\"\" class=\"wp-image-4230 lazyload\"\/><noscript><img decoding=\"async\" width=\"1024\" height=\"577\" data-id=\"4230\" src=\"https:\/\/eyemaozi.org\/wp-content\/uploads\/2023\/04\/20230228_180202-1024x577.jpg\" alt=\"\" class=\"wp-image-4230 lazyload\" srcset=\"https:\/\/eyemaozi.org\/wp-content\/uploads\/2023\/04\/20230228_180202-1024x577.jpg 1024w, https:\/\/eyemaozi.org\/wp-content\/uploads\/2023\/04\/20230228_180202-300x169.jpg 300w, https:\/\/eyemaozi.org\/wp-content\/uploads\/2023\/04\/20230228_180202-768x432.jpg 768w, https:\/\/eyemaozi.org\/wp-content\/uploads\/2023\/04\/20230228_180202-1536x865.jpg 1536w, https:\/\/eyemaozi.org\/wp-content\/uploads\/2023\/04\/20230228_180202-2048x1153.jpg 2048w, https:\/\/eyemaozi.org\/wp-content\/uploads\/2023\/04\/20230228_180202-18x10.jpg 18w, https:\/\/eyemaozi.org\/wp-content\/uploads\/2023\/04\/20230228_180202-600x338.jpg 600w\" sizes=\"(max-width: 1024px) 100vw, 1024px\" \/><\/noscript><\/figure>\n\n\n\n<figure class=\"wp-block-image size-large is-style-default\"><img decoding=\"async\" data-id=\"4231\" src=\"data:image\/gif;base64,R0lGODlhAQABAIAAAAAAAP\/\/\/yH5BAEAAAAALAAAAAABAAEAAAIBRAA7\" data-src=\"https:\/\/eyemaozi.org\/wp-content\/uploads\/2023\/04\/20230228_180254-1024x845.jpg\" alt=\"\" class=\"wp-image-4231 lazyload\"\/><noscript><img decoding=\"async\" width=\"1024\" height=\"845\" data-id=\"4231\" src=\"https:\/\/eyemaozi.org\/wp-content\/uploads\/2023\/04\/20230228_180254-1024x845.jpg\" alt=\"\" class=\"wp-image-4231 lazyload\" srcset=\"https:\/\/eyemaozi.org\/wp-content\/uploads\/2023\/04\/20230228_180254-1024x845.jpg 1024w, https:\/\/eyemaozi.org\/wp-content\/uploads\/2023\/04\/20230228_180254-300x248.jpg 300w, https:\/\/eyemaozi.org\/wp-content\/uploads\/2023\/04\/20230228_180254-768x634.jpg 768w, https:\/\/eyemaozi.org\/wp-content\/uploads\/2023\/04\/20230228_180254-1536x1268.jpg 1536w, https:\/\/eyemaozi.org\/wp-content\/uploads\/2023\/04\/20230228_180254-2048x1691.jpg 2048w, https:\/\/eyemaozi.org\/wp-content\/uploads\/2023\/04\/20230228_180254-15x12.jpg 15w, https:\/\/eyemaozi.org\/wp-content\/uploads\/2023\/04\/20230228_180254-600x495.jpg 600w\" sizes=\"(max-width: 1024px) 100vw, 1024px\" \/><\/noscript><\/figure>\n\n\n\n<figure class=\"wp-block-image size-large is-style-default\"><img decoding=\"async\" data-id=\"4229\" src=\"data:image\/gif;base64,R0lGODlhAQABAIAAAAAAAP\/\/\/yH5BAEAAAAALAAAAAABAAEAAAIBRAA7\" data-src=\"https:\/\/eyemaozi.org\/wp-content\/uploads\/2023\/04\/20230228_180129-1024x650.jpg\" alt=\"\" class=\"wp-image-4229 lazyload\"\/><noscript><img decoding=\"async\" width=\"1024\" height=\"650\" data-id=\"4229\" src=\"https:\/\/eyemaozi.org\/wp-content\/uploads\/2023\/04\/20230228_180129-1024x650.jpg\" alt=\"\" class=\"wp-image-4229 lazyload\" srcset=\"https:\/\/eyemaozi.org\/wp-content\/uploads\/2023\/04\/20230228_180129-1024x650.jpg 1024w, https:\/\/eyemaozi.org\/wp-content\/uploads\/2023\/04\/20230228_180129-300x190.jpg 300w, https:\/\/eyemaozi.org\/wp-content\/uploads\/2023\/04\/20230228_180129-768x487.jpg 768w, https:\/\/eyemaozi.org\/wp-content\/uploads\/2023\/04\/20230228_180129-1536x975.jpg 1536w, https:\/\/eyemaozi.org\/wp-content\/uploads\/2023\/04\/20230228_180129-2048x1300.jpg 2048w, https:\/\/eyemaozi.org\/wp-content\/uploads\/2023\/04\/20230228_180129-18x12.jpg 18w, https:\/\/eyemaozi.org\/wp-content\/uploads\/2023\/04\/20230228_180129-600x381.jpg 600w\" sizes=\"(max-width: 1024px) 100vw, 1024px\" \/><\/noscript><\/figure>\n<\/figure>\n\n\n\n<figure class=\"wp-block-gallery has-nested-images columns-default is-cropped wp-block-gallery-2 is-layout-flex wp-block-gallery-is-layout-flex\">\n<figure class=\"wp-block-image size-large is-style-default\"><img decoding=\"async\" data-id=\"4236\" src=\"data:image\/gif;base64,R0lGODlhAQABAIAAAAAAAP\/\/\/yH5BAEAAAAALAAAAAABAAEAAAIBRAA7\" data-src=\"https:\/\/eyemaozi.org\/wp-content\/uploads\/2023\/04\/257270518_6477146958993800_5434719876396710468_n.jpg\" alt=\"\" class=\"wp-image-4236 lazyload\"\/><noscript><img decoding=\"async\" width=\"720\" height=\"960\" data-id=\"4236\" src=\"https:\/\/eyemaozi.org\/wp-content\/uploads\/2023\/04\/257270518_6477146958993800_5434719876396710468_n.jpg\" alt=\"\" class=\"wp-image-4236 lazyload\" srcset=\"https:\/\/eyemaozi.org\/wp-content\/uploads\/2023\/04\/257270518_6477146958993800_5434719876396710468_n.jpg 720w, https:\/\/eyemaozi.org\/wp-content\/uploads\/2023\/04\/257270518_6477146958993800_5434719876396710468_n-225x300.jpg 225w, https:\/\/eyemaozi.org\/wp-content\/uploads\/2023\/04\/257270518_6477146958993800_5434719876396710468_n-9x12.jpg 9w, https:\/\/eyemaozi.org\/wp-content\/uploads\/2023\/04\/257270518_6477146958993800_5434719876396710468_n-600x800.jpg 600w\" sizes=\"(max-width: 720px) 100vw, 720px\" \/><\/noscript><\/figure>\n\n\n\n<figure class=\"wp-block-image size-large is-style-default\"><img decoding=\"async\" data-id=\"4233\" src=\"data:image\/gif;base64,R0lGODlhAQABAIAAAAAAAP\/\/\/yH5BAEAAAAALAAAAAABAAEAAAIBRAA7\" data-src=\"https:\/\/eyemaozi.org\/wp-content\/uploads\/2023\/04\/20230223_120147-675x1024.jpg\" alt=\"\" class=\"wp-image-4233 lazyload\"\/><noscript><img decoding=\"async\" width=\"675\" height=\"1024\" data-id=\"4233\" src=\"https:\/\/eyemaozi.org\/wp-content\/uploads\/2023\/04\/20230223_120147-675x1024.jpg\" alt=\"\" class=\"wp-image-4233 lazyload\" srcset=\"https:\/\/eyemaozi.org\/wp-content\/uploads\/2023\/04\/20230223_120147-675x1024.jpg 675w, https:\/\/eyemaozi.org\/wp-content\/uploads\/2023\/04\/20230223_120147-198x300.jpg 198w, https:\/\/eyemaozi.org\/wp-content\/uploads\/2023\/04\/20230223_120147-768x1165.jpg 768w, https:\/\/eyemaozi.org\/wp-content\/uploads\/2023\/04\/20230223_120147-1013x1536.jpg 1013w, https:\/\/eyemaozi.org\/wp-content\/uploads\/2023\/04\/20230223_120147-1350x2048.jpg 1350w, https:\/\/eyemaozi.org\/wp-content\/uploads\/2023\/04\/20230223_120147-8x12.jpg 8w, https:\/\/eyemaozi.org\/wp-content\/uploads\/2023\/04\/20230223_120147-600x910.jpg 600w, https:\/\/eyemaozi.org\/wp-content\/uploads\/2023\/04\/20230223_120147.jpg 1576w\" sizes=\"(max-width: 675px) 100vw, 675px\" \/><\/noscript><\/figure>\n<\/figure>\n","protected":false},"excerpt":{"rendered":"<p>Portable straight stitch 1960s Aluminum body. Anker-Phoenix A.G. Bielefeld According to the Fiddlebase website the Anker history in the 1950s and 60s was&#8230;. In&nbsp;1958&nbsp;a subsidiary company was formed called&nbsp;Anker N\u00e4hmaschinen A.G. In&nbsp;1959&nbsp;Anker-N\u00e4hmaschinen AG merged with&nbsp;Phoenix-N\u00e4hmaschinen A.G. History and how this machine came to me. This machine is much later than my Anker RZ and my&hellip;&nbsp;<a href=\"https:\/\/eyemaozi.org\/en\/anker-phoenix-gloria\/\" class=\"\" rel=\"bookmark\">Read More &raquo;<span class=\"screen-reader-text\">Anker Phoenix Gloria<\/span><\/a><\/p>\n","protected":false},"author":1,"featured_media":0,"parent":0,"menu_order":0,"comment_status":"open","ping_status":"closed","template":"","meta":{"om_disable_all_campaigns":false,"_monsterinsights_skip_tracking":false,"_monsterinsights_sitenote_active":false,"_monsterinsights_sitenote_note":"","_monsterinsights_sitenote_category":0,"_uf_show_specific_survey":0,"_uf_disable_surveys":false,"neve_meta_sidebar":"","neve_meta_container":"","neve_meta_enable_content_width":"","neve_meta_content_width":0,"neve_meta_title_alignment":"","neve_meta_author_avatar":"","neve_post_elements_order":"","neve_meta_disable_header":"","neve_meta_disable_footer":"","neve_meta_disable_title":"","_themeisle_gutenberg_block_has_review":false,"footnotes":""},"class_list":["post-4118","page","type-page","status-publish","hentry"],"aioseo_notices":[],"_links":{"self":[{"href":"https:\/\/eyemaozi.org\/en\/wp-json\/wp\/v2\/pages\/4118","targetHints":{"allow":["GET"]}}],"collection":[{"href":"https:\/\/eyemaozi.org\/en\/wp-json\/wp\/v2\/pages"}],"about":[{"href":"https:\/\/eyemaozi.org\/en\/wp-json\/wp\/v2\/types\/page"}],"author":[{"embeddable":true,"href":"https:\/\/eyemaozi.org\/en\/wp-json\/wp\/v2\/users\/1"}],"replies":[{"embeddable":true,"href":"https:\/\/eyemaozi.org\/en\/wp-json\/wp\/v2\/comments?post=4118"}],"version-history":[{"count":7,"href":"https:\/\/eyemaozi.org\/en\/wp-json\/wp\/v2\/pages\/4118\/revisions"}],"predecessor-version":[{"id":5500,"href":"https:\/\/eyemaozi.org\/en\/wp-json\/wp\/v2\/pages\/4118\/revisions\/5500"}],"wp:attachment":[{"href":"https:\/\/eyemaozi.org\/en\/wp-json\/wp\/v2\/media?parent=4118"}],"curies":[{"name":"wp","href":"https:\/\/api.w.org\/{rel}","templated":true}]}}